{"id":103895,"date":"2026-05-15T21:23:33","date_gmt":"2026-05-15T19:23:33","guid":{"rendered":"https:\/\/modelkars.com\/?post_type=product&#038;p=103895"},"modified":"2026-05-15T23:17:42","modified_gmt":"2026-05-15T21:17:42","slug":"p18267b16die-ferrari-sf25-miami-gp-special-livery","status":"publish","type":"product","link":"https:\/\/modelkars.com\/fr\/shop\/bbr\/p18267b16die-ferrari-sf25-miami-gp-special-livery\/","title":{"rendered":"Ferrari SF25 (Miami GP Special Livery)"},"content":{"rendered":"","protected":false},"excerpt":{"rendered":"<p>Cette Ferrari SF25 \u00e0 l&rsquo;\u00e9chelle 1:18 reproduit la livr\u00e9e sp\u00e9ciale du Grand Prix de Miami 2025, une version r\u00e9alis\u00e9e par BBR en m\u00e9tal et limit\u00e9e \u00e0 98 exemplaires. Socle et vitrine sont inclus. Pour cette course, Ferrari avait habill\u00e9 la monoplace de teintes blanc et bleu sur les ailerons, les roues et la partie arri\u00e8re.<\/p>\n","protected":false},"featured_media":103905,"template":"","meta":{"_seopress_robots_primary_cat":"","_seopress_titles_title":"","_seopress_titles_desc":"","_seopress_robots_index":"","_seopress_analysis_target_kw":""},"product_brand":[],"product_cat":[315,163],"product_tag":[84,93,89,85,86,323],"class_list":{"0":"post-103895","1":"product","2":"type-product","3":"status-publish","4":"has-post-thumbnail","6":"product_cat-bbr","7":"product_cat-precommandes","8":"product_tag-echelle-118","9":"product_tag-edition-limitee","10":"product_tag-metal","11":"product_tag-sans-ouvrants","12":"product_tag-socle-inclus","13":"product_tag-vitrine-incluse","15":"first","16":"instock","17":"taxable","18":"shipping-taxable","19":"purchasable","20":"product-type-simple"},"_links":{"self":[{"href":"https:\/\/modelkars.com\/fr\/wp-json\/wp\/v2\/product\/103895","targetHints":{"allow":["GET"]}}],"collection":[{"href":"https:\/\/modelkars.com\/fr\/wp-json\/wp\/v2\/product"}],"about":[{"href":"https:\/\/modelkars.com\/fr\/wp-json\/wp\/v2\/types\/product"}],"wp:featuredmedia":[{"embeddable":true,"href":"https:\/\/modelkars.com\/fr\/wp-json\/wp\/v2\/media\/103905"}],"wp:attachment":[{"href":"https:\/\/modelkars.com\/fr\/wp-json\/wp\/v2\/media?parent=103895"}],"wp:term":[{"taxonomy":"product_brand","embeddable":true,"href":"https:\/\/modelkars.com\/fr\/wp-json\/wp\/v2\/product_brand?post=103895"},{"taxonomy":"product_cat","embeddable":true,"href":"https:\/\/modelkars.com\/fr\/wp-json\/wp\/v2\/product_cat?post=103895"},{"taxonomy":"product_tag","embeddable":true,"href":"https:\/\/modelkars.com\/fr\/wp-json\/wp\/v2\/product_tag?post=103895"}],"curies":[{"name":"wp","href":"https:\/\/api.w.org\/{rel}","templated":true}]}}