{"id":103894,"date":"2026-05-15T21:23:32","date_gmt":"2026-05-15T19:23:32","guid":{"rendered":"https:\/\/modelkars.com\/?post_type=product&#038;p=103894"},"modified":"2026-05-15T23:18:06","modified_gmt":"2026-05-15T21:18:06","slug":"bbr161000die-21-ferrari-sf1000-1000st-gp-toscana-2020-rouge-mugello","status":"publish","type":"product","link":"https:\/\/modelkars.com\/fr\/shop\/bbr\/bbr161000die-21-ferrari-sf1000-1000st-gp-toscana-2020-rouge-mugello\/","title":{"rendered":"Ferrari SF1000 (1000st GP Toscana 2020)"},"content":{"rendered":"","protected":false},"excerpt":{"rendered":"<p>Cette Ferrari SF1000 \u00e0 l&rsquo;\u00e9chelle 1:18 comm\u00e9more le 1000e Grand Prix de la Scuderia Ferrari, couru sur le circuit de Mugello lors du Grand Prix de Toscane 2020. R\u00e9alis\u00e9e par BBR en m\u00e9tal, elle arbore un coloris rouge Mugello et est pr\u00e9sent\u00e9e sur un socle en \u00e9co-cuir rouge, vitrine incluse. Limit\u00e9e \u00e0 400 exemplaires, ce mod\u00e8le monte des r\u00e9pliques des pneus Pirelli PZero \u00e0 lettrage rouge. Une course hors du commun \u00e0 plus d&rsquo;un titre : Mugello, propri\u00e9t\u00e9 de Ferrari, faisait ses d\u00e9buts en Formule 1, le t\u00e9nor Andrea Bocelli avait interpr\u00e9t\u00e9 l&rsquo;hymne national avant le d\u00e9part, et Mick Schumacher avait \u00e9mu l&rsquo;ensemble du paddock en effectuant cinq tours \u00e0 bord de la F2004 de son p\u00e8re Michael.<\/p>\n","protected":false},"featured_media":103926,"template":"","meta":{"_seopress_robots_primary_cat":"","_seopress_titles_title":"","_seopress_titles_desc":"","_seopress_robots_index":"","_seopress_analysis_target_kw":""},"product_brand":[],"product_cat":[315,163],"product_tag":[84,93,89,85,86,323],"class_list":{"0":"post-103894","1":"product","2":"type-product","3":"status-publish","4":"has-post-thumbnail","6":"product_cat-bbr","7":"product_cat-precommandes","8":"product_tag-echelle-118","9":"product_tag-edition-limitee","10":"product_tag-metal","11":"product_tag-sans-ouvrants","12":"product_tag-socle-inclus","13":"product_tag-vitrine-incluse","15":"first","16":"instock","17":"taxable","18":"shipping-taxable","19":"purchasable","20":"product-type-simple"},"_links":{"self":[{"href":"https:\/\/modelkars.com\/fr\/wp-json\/wp\/v2\/product\/103894","targetHints":{"allow":["GET"]}}],"collection":[{"href":"https:\/\/modelkars.com\/fr\/wp-json\/wp\/v2\/product"}],"about":[{"href":"https:\/\/modelkars.com\/fr\/wp-json\/wp\/v2\/types\/product"}],"wp:featuredmedia":[{"embeddable":true,"href":"https:\/\/modelkars.com\/fr\/wp-json\/wp\/v2\/media\/103926"}],"wp:attachment":[{"href":"https:\/\/modelkars.com\/fr\/wp-json\/wp\/v2\/media?parent=103894"}],"wp:term":[{"taxonomy":"product_brand","embeddable":true,"href":"https:\/\/modelkars.com\/fr\/wp-json\/wp\/v2\/product_brand?post=103894"},{"taxonomy":"product_cat","embeddable":true,"href":"https:\/\/modelkars.com\/fr\/wp-json\/wp\/v2\/product_cat?post=103894"},{"taxonomy":"product_tag","embeddable":true,"href":"https:\/\/modelkars.com\/fr\/wp-json\/wp\/v2\/product_tag?post=103894"}],"curies":[{"name":"wp","href":"https:\/\/api.w.org\/{rel}","templated":true}]}}