{"id":103893,"date":"2026-05-15T21:23:32","date_gmt":"2026-05-15T19:23:32","guid":{"rendered":"https:\/\/modelkars.com\/?post_type=product&#038;p=103893"},"modified":"2026-05-16T14:42:24","modified_gmt":"2026-05-16T12:42:24","slug":"ot1314-audi-a6-avant-e-hybrid-quattro-edition-one-nardo-grey","status":"publish","type":"product","link":"https:\/\/modelkars.com\/fr\/shop\/ottomobile\/ot1314-audi-a6-avant-e-hybrid-quattro-edition-one-nardo-grey\/","title":{"rendered":"Audi A6 Avant e-hybrid Quattro Edition One"},"content":{"rendered":"","protected":false},"excerpt":{"rendered":"<p>Cette Audi A6 Avant e-hybrid Quattro Edition One 2025 est reproduite \u00e0 l&rsquo;\u00e9chelle 1:18 par OttOmobile, en r\u00e9sine, dans un coloris Nardo Grey. Produite en s\u00e9rie limit\u00e9e avec socle inclus, cette miniature rend hommage \u00e0 une version de lancement particuli\u00e8rement bien dot\u00e9e : l&rsquo;Edition One se distingue par son \u00e9quipement S line et ses \u00e9triers de frein rouges de s\u00e9rie.<\/p>\n","protected":false},"featured_media":103943,"template":"","meta":{"_seopress_robots_primary_cat":"","_seopress_titles_title":"","_seopress_titles_desc":"","_seopress_robots_index":"","_seopress_analysis_target_kw":""},"product_brand":[],"product_cat":[225,163],"product_tag":[84,93,92,85,86],"class_list":{"0":"post-103893","1":"product","2":"type-product","3":"status-publish","4":"has-post-thumbnail","6":"product_cat-ottomobile","7":"product_cat-precommandes","8":"product_tag-echelle-118","9":"product_tag-edition-limitee","10":"product_tag-resine","11":"product_tag-sans-ouvrants","12":"product_tag-socle-inclus","14":"first","15":"onbackorder","16":"taxable","17":"shipping-taxable","18":"purchasable","19":"product-type-simple"},"_links":{"self":[{"href":"https:\/\/modelkars.com\/fr\/wp-json\/wp\/v2\/product\/103893","targetHints":{"allow":["GET"]}}],"collection":[{"href":"https:\/\/modelkars.com\/fr\/wp-json\/wp\/v2\/product"}],"about":[{"href":"https:\/\/modelkars.com\/fr\/wp-json\/wp\/v2\/types\/product"}],"wp:featuredmedia":[{"embeddable":true,"href":"https:\/\/modelkars.com\/fr\/wp-json\/wp\/v2\/media\/103943"}],"wp:attachment":[{"href":"https:\/\/modelkars.com\/fr\/wp-json\/wp\/v2\/media?parent=103893"}],"wp:term":[{"taxonomy":"product_brand","embeddable":true,"href":"https:\/\/modelkars.com\/fr\/wp-json\/wp\/v2\/product_brand?post=103893"},{"taxonomy":"product_cat","embeddable":true,"href":"https:\/\/modelkars.com\/fr\/wp-json\/wp\/v2\/product_cat?post=103893"},{"taxonomy":"product_tag","embeddable":true,"href":"https:\/\/modelkars.com\/fr\/wp-json\/wp\/v2\/product_tag?post=103893"}],"curies":[{"name":"wp","href":"https:\/\/api.w.org\/{rel}","templated":true}]}}