{"id":103892,"date":"2026-05-15T21:23:32","date_gmt":"2026-05-15T19:23:32","guid":{"rendered":"https:\/\/modelkars.com\/?post_type=product&#038;p=103892"},"modified":"2026-05-16T14:42:24","modified_gmt":"2026-05-16T12:42:24","slug":"ot1269-bmw-m135-xdrive-alpine-white","status":"publish","type":"product","link":"https:\/\/modelkars.com\/fr\/shop\/ottomobile\/ot1269-bmw-m135-xdrive-alpine-white\/","title":{"rendered":"BMW M135 xDrive"},"content":{"rendered":"","protected":false},"excerpt":{"rendered":"<p>Cette BMW M135 xDrive 2024 est reproduite \u00e0 l&rsquo;\u00e9chelle 1:18 par OttOmobile, en r\u00e9sine, dans un coloris Alpine White. Produite en s\u00e9rie limit\u00e9e avec socle inclus, cette miniature capture la compacit\u00e9 sportive d&rsquo;une berline \u00e0 hayon qui, sous son capot, cache un 4 cylindres 2,0 litres turbo de 300 chevaux transmis aux quatre roues. Malgr\u00e9 son architecture bas\u00e9e sur un essieu avant, BMW a con\u00e7u le M135 pour simuler activement les sensations d&rsquo;une propulsion, en exploitant son diff\u00e9rentiel m\u00e9canique avant et le syst\u00e8me xDrive, une prouesse d&rsquo;ing\u00e9nierie peu commune dans ce segment.<\/p>\n","protected":false},"featured_media":103935,"template":"","meta":{"_seopress_robots_primary_cat":"","_seopress_titles_title":"","_seopress_titles_desc":"","_seopress_robots_index":"","_seopress_analysis_target_kw":""},"product_brand":[],"product_cat":[225,163],"product_tag":[84,93,92,85,86],"class_list":{"0":"post-103892","1":"product","2":"type-product","3":"status-publish","4":"has-post-thumbnail","6":"product_cat-ottomobile","7":"product_cat-precommandes","8":"product_tag-echelle-118","9":"product_tag-edition-limitee","10":"product_tag-resine","11":"product_tag-sans-ouvrants","12":"product_tag-socle-inclus","14":"first","15":"onbackorder","16":"taxable","17":"shipping-taxable","18":"purchasable","19":"product-type-simple"},"_links":{"self":[{"href":"https:\/\/modelkars.com\/fr\/wp-json\/wp\/v2\/product\/103892","targetHints":{"allow":["GET"]}}],"collection":[{"href":"https:\/\/modelkars.com\/fr\/wp-json\/wp\/v2\/product"}],"about":[{"href":"https:\/\/modelkars.com\/fr\/wp-json\/wp\/v2\/types\/product"}],"wp:featuredmedia":[{"embeddable":true,"href":"https:\/\/modelkars.com\/fr\/wp-json\/wp\/v2\/media\/103935"}],"wp:attachment":[{"href":"https:\/\/modelkars.com\/fr\/wp-json\/wp\/v2\/media?parent=103892"}],"wp:term":[{"taxonomy":"product_brand","embeddable":true,"href":"https:\/\/modelkars.com\/fr\/wp-json\/wp\/v2\/product_brand?post=103892"},{"taxonomy":"product_cat","embeddable":true,"href":"https:\/\/modelkars.com\/fr\/wp-json\/wp\/v2\/product_cat?post=103892"},{"taxonomy":"product_tag","embeddable":true,"href":"https:\/\/modelkars.com\/fr\/wp-json\/wp\/v2\/product_tag?post=103892"}],"curies":[{"name":"wp","href":"https:\/\/api.w.org\/{rel}","templated":true}]}}