{"id":103841,"date":"2026-05-13T23:37:54","date_gmt":"2026-05-13T21:37:54","guid":{"rendered":"https:\/\/modelkars.com\/?post_type=product&#038;p=103841"},"modified":"2026-05-14T01:21:25","modified_gmt":"2026-05-13T23:21:25","slug":"ot1193-porsche-cayman-718-gt4-rs-clubsport-30-adac-gt4-2023-avia-ws-motorsport-black-green","status":"publish","type":"product","link":"https:\/\/modelkars.com\/fr\/shop\/ottomobile\/ot1193-porsche-cayman-718-gt4-rs-clubsport-30-adac-gt4-2023-avia-ws-motorsport-black-green\/","title":{"rendered":"Porsche Cayman 718 GT4 RS Clubsport (#30 ADAC GT4 2023)"},"content":{"rendered":"","protected":false},"excerpt":{"rendered":"<p>Cette Porsche 718 Cayman GT4 RS Clubsport \u00e0 l&rsquo;\u00e9chelle 1:18 est r\u00e9alis\u00e9e en r\u00e9sine par OttOmobile dans la livr\u00e9e AVIA W&#038;S Motorsport noire et verte. \u00c9dition limit\u00e9e \u00e0 999 exemplaires. En 2023, la Porsche 718 n\u00b030 pilot\u00e9e par Max Kronberg et Hendrik Still s&rsquo;impose lors de la derni\u00e8re course de la saison ADAC GT4 sur le circuit d&rsquo;Hockenheim, apr\u00e8s avoir d\u00e9croch\u00e9 une troisi\u00e8me place lors de la manche pr\u00e9c\u00e9dente. Une fin de saison remarquable pour le duo allemand.<\/p>\n","protected":false},"featured_media":103851,"template":"","meta":{"_seopress_robots_primary_cat":"","_seopress_titles_title":"","_seopress_titles_desc":"","_seopress_robots_index":""},"product_brand":[],"product_cat":[225,163],"product_tag":[84,93,92,85],"class_list":{"0":"post-103841","1":"product","2":"type-product","3":"status-publish","4":"has-post-thumbnail","6":"product_cat-ottomobile","7":"product_cat-precommandes","8":"product_tag-echelle-118","9":"product_tag-edition-limitee","10":"product_tag-resine","11":"product_tag-sans-ouvrants","13":"first","14":"onbackorder","15":"taxable","16":"shipping-taxable","17":"purchasable","18":"product-type-simple"},"_links":{"self":[{"href":"https:\/\/modelkars.com\/fr\/wp-json\/wp\/v2\/product\/103841","targetHints":{"allow":["GET"]}}],"collection":[{"href":"https:\/\/modelkars.com\/fr\/wp-json\/wp\/v2\/product"}],"about":[{"href":"https:\/\/modelkars.com\/fr\/wp-json\/wp\/v2\/types\/product"}],"wp:featuredmedia":[{"embeddable":true,"href":"https:\/\/modelkars.com\/fr\/wp-json\/wp\/v2\/media\/103851"}],"wp:attachment":[{"href":"https:\/\/modelkars.com\/fr\/wp-json\/wp\/v2\/media?parent=103841"}],"wp:term":[{"taxonomy":"product_brand","embeddable":true,"href":"https:\/\/modelkars.com\/fr\/wp-json\/wp\/v2\/product_brand?post=103841"},{"taxonomy":"product_cat","embeddable":true,"href":"https:\/\/modelkars.com\/fr\/wp-json\/wp\/v2\/product_cat?post=103841"},{"taxonomy":"product_tag","embeddable":true,"href":"https:\/\/modelkars.com\/fr\/wp-json\/wp\/v2\/product_tag?post=103841"}],"curies":[{"name":"wp","href":"https:\/\/api.w.org\/{rel}","templated":true}]}}