{"id":103840,"date":"2026-05-13T23:37:54","date_gmt":"2026-05-13T21:37:54","guid":{"rendered":"https:\/\/modelkars.com\/?post_type=product&#038;p=103840"},"modified":"2026-05-14T01:28:16","modified_gmt":"2026-05-13T23:28:16","slug":"ot1305-nissan-skyline-2000-rs-x-turbo-dr-30-turbo-c-red","status":"publish","type":"product","link":"https:\/\/modelkars.com\/fr\/shop\/ottomobile\/ot1305-nissan-skyline-2000-rs-x-turbo-dr-30-turbo-c-red\/","title":{"rendered":"Nissan Skyline 2000 RS-X Turbo (DR 30 Turbo C)"},"content":{"rendered":"","protected":false},"excerpt":{"rendered":"<p>Cette Nissan Skyline 2000 RS-X Turbo DR30 \u00e0 l&rsquo;\u00e9chelle 1:18 est r\u00e9alis\u00e9e en r\u00e9sine par OttOmobile dans un coloris rouge. \u00c9dition limit\u00e9e \u00e0 2000 exemplaires. Lanc\u00e9e en 1981, la R30 est la seule Skyline \u00e0 avoir eu un acteur hollywoodien comme \u00e9g\u00e9rie officielle : Paul Newman, alors aussi connu pour ses victoires en comp\u00e9tition que pour ses films. Un d\u00e9tail qui dit beaucoup sur l&rsquo;image que Nissan cherchait \u00e0 donner \u00e0 sa sportive \u00e0 l&rsquo;\u00e9poque.<\/p>\n","protected":false},"featured_media":103856,"template":"","meta":{"_seopress_robots_primary_cat":"","_seopress_titles_title":"","_seopress_titles_desc":"","_seopress_robots_index":""},"product_brand":[],"product_cat":[225,163],"product_tag":[84,93,92,85],"class_list":{"0":"post-103840","1":"product","2":"type-product","3":"status-publish","4":"has-post-thumbnail","6":"product_cat-ottomobile","7":"product_cat-precommandes","8":"product_tag-echelle-118","9":"product_tag-edition-limitee","10":"product_tag-resine","11":"product_tag-sans-ouvrants","13":"first","14":"onbackorder","15":"taxable","16":"shipping-taxable","17":"purchasable","18":"product-type-simple"},"_links":{"self":[{"href":"https:\/\/modelkars.com\/fr\/wp-json\/wp\/v2\/product\/103840","targetHints":{"allow":["GET"]}}],"collection":[{"href":"https:\/\/modelkars.com\/fr\/wp-json\/wp\/v2\/product"}],"about":[{"href":"https:\/\/modelkars.com\/fr\/wp-json\/wp\/v2\/types\/product"}],"wp:featuredmedia":[{"embeddable":true,"href":"https:\/\/modelkars.com\/fr\/wp-json\/wp\/v2\/media\/103856"}],"wp:attachment":[{"href":"https:\/\/modelkars.com\/fr\/wp-json\/wp\/v2\/media?parent=103840"}],"wp:term":[{"taxonomy":"product_brand","embeddable":true,"href":"https:\/\/modelkars.com\/fr\/wp-json\/wp\/v2\/product_brand?post=103840"},{"taxonomy":"product_cat","embeddable":true,"href":"https:\/\/modelkars.com\/fr\/wp-json\/wp\/v2\/product_cat?post=103840"},{"taxonomy":"product_tag","embeddable":true,"href":"https:\/\/modelkars.com\/fr\/wp-json\/wp\/v2\/product_tag?post=103840"}],"curies":[{"name":"wp","href":"https:\/\/api.w.org\/{rel}","templated":true}]}}