{"id":103839,"date":"2026-05-13T23:37:54","date_gmt":"2026-05-13T21:37:54","guid":{"rendered":"https:\/\/modelkars.com\/?post_type=product&#038;p=103839"},"modified":"2026-05-14T01:33:32","modified_gmt":"2026-05-13T23:33:32","slug":"ot1252-mercedes-benz-190e-2-5-16-rauh-welt-republik-rwr-porsche-racing-green","status":"publish","type":"product","link":"https:\/\/modelkars.com\/fr\/shop\/ottomobile\/ot1252-mercedes-benz-190e-2-5-16-rauh-welt-republik-rwr-porsche-racing-green\/","title":{"rendered":"Mercedes-Benz 190E 2.5-16 RAUH-Welt Republik RWR"},"content":{"rendered":"","protected":false},"excerpt":{"rendered":"<p>Cette Mercedes-Benz 190E 2.5-16 RAUH-Welt Republik \u00e0 l&rsquo;\u00e9chelle 1:18 est r\u00e9alis\u00e9e en r\u00e9sine par OttOmobile dans un coloris Porsche Racing green. \u00c9dition limit\u00e9e \u00e0 999 exemplaires. RWB est avant tout connu pour ses pr\u00e9parations Porsche, mais le d\u00e9partement piste Rauh-Welt Republik s&rsquo;autorise d&rsquo;autres terrains de jeu. La 190E tombe bien : ses lignes carr\u00e9es des ann\u00e9es 80 se pr\u00eatent \u00e9tonnamment bien \u00e0 l&rsquo;exercice, et le r\u00e9sultat est plus mesur\u00e9 qu&rsquo;\u00e0 l&rsquo;accoutum\u00e9e, ce qui n&rsquo;est pas pour lui d\u00e9plaire.<\/p>\n","protected":false},"featured_media":103862,"template":"","meta":{"_seopress_robots_primary_cat":"","_seopress_titles_title":"","_seopress_titles_desc":"","_seopress_robots_index":""},"product_brand":[],"product_cat":[225,163],"product_tag":[84,93,92,85],"class_list":{"0":"post-103839","1":"product","2":"type-product","3":"status-publish","4":"has-post-thumbnail","6":"product_cat-ottomobile","7":"product_cat-precommandes","8":"product_tag-echelle-118","9":"product_tag-edition-limitee","10":"product_tag-resine","11":"product_tag-sans-ouvrants","13":"first","14":"onbackorder","15":"taxable","16":"shipping-taxable","17":"purchasable","18":"product-type-simple"},"_links":{"self":[{"href":"https:\/\/modelkars.com\/fr\/wp-json\/wp\/v2\/product\/103839","targetHints":{"allow":["GET"]}}],"collection":[{"href":"https:\/\/modelkars.com\/fr\/wp-json\/wp\/v2\/product"}],"about":[{"href":"https:\/\/modelkars.com\/fr\/wp-json\/wp\/v2\/types\/product"}],"wp:featuredmedia":[{"embeddable":true,"href":"https:\/\/modelkars.com\/fr\/wp-json\/wp\/v2\/media\/103862"}],"wp:attachment":[{"href":"https:\/\/modelkars.com\/fr\/wp-json\/wp\/v2\/media?parent=103839"}],"wp:term":[{"taxonomy":"product_brand","embeddable":true,"href":"https:\/\/modelkars.com\/fr\/wp-json\/wp\/v2\/product_brand?post=103839"},{"taxonomy":"product_cat","embeddable":true,"href":"https:\/\/modelkars.com\/fr\/wp-json\/wp\/v2\/product_cat?post=103839"},{"taxonomy":"product_tag","embeddable":true,"href":"https:\/\/modelkars.com\/fr\/wp-json\/wp\/v2\/product_tag?post=103839"}],"curies":[{"name":"wp","href":"https:\/\/api.w.org\/{rel}","templated":true}]}}