{"id":103838,"date":"2026-05-13T23:37:54","date_gmt":"2026-05-13T21:37:54","guid":{"rendered":"https:\/\/modelkars.com\/?post_type=product&#038;p=103838"},"modified":"2026-05-14T01:16:24","modified_gmt":"2026-05-13T23:16:24","slug":"p18279a-maserati-mcpura-al-aqua-rainbow-matt","status":"publish","type":"product","link":"https:\/\/modelkars.com\/fr\/shop\/bbr\/p18279a-maserati-mcpura-al-aqua-rainbow-matt\/","title":{"rendered":"Maserati MCPura"},"content":{"rendered":"","protected":false},"excerpt":{"rendered":"<p>Cette Maserati MCPura \u00e0 l&rsquo;\u00e9chelle 1:18 est r\u00e9alis\u00e9e en r\u00e9sine par BBR dans un coloris Al Aqua Rainbow matte. Production limit\u00e9e \u00e0 34 exemplaires seulement, avec socle. La MCPura est propuls\u00e9e par le moteur Nettuno, un V6 biturbo de 3,0 litres d\u00e9veloppant 621 ch dont la chambre de pr\u00e9combustion est directement inspir\u00e9e de la technologie de Formule 1, une architecture rarissime sur une voiture de s\u00e9rie.<\/p>\n","protected":false},"featured_media":103848,"template":"","meta":{"_seopress_robots_primary_cat":"","_seopress_titles_title":"","_seopress_titles_desc":"","_seopress_robots_index":""},"product_brand":[],"product_cat":[315,163],"product_tag":[84,93,92,85,86],"class_list":{"0":"post-103838","1":"product","2":"type-product","3":"status-publish","4":"has-post-thumbnail","6":"product_cat-bbr","7":"product_cat-precommandes","8":"product_tag-echelle-118","9":"product_tag-edition-limitee","10":"product_tag-resine","11":"product_tag-sans-ouvrants","12":"product_tag-socle-inclus","14":"first","15":"instock","16":"taxable","17":"shipping-taxable","18":"purchasable","19":"product-type-simple"},"_links":{"self":[{"href":"https:\/\/modelkars.com\/fr\/wp-json\/wp\/v2\/product\/103838","targetHints":{"allow":["GET"]}}],"collection":[{"href":"https:\/\/modelkars.com\/fr\/wp-json\/wp\/v2\/product"}],"about":[{"href":"https:\/\/modelkars.com\/fr\/wp-json\/wp\/v2\/types\/product"}],"wp:featuredmedia":[{"embeddable":true,"href":"https:\/\/modelkars.com\/fr\/wp-json\/wp\/v2\/media\/103848"}],"wp:attachment":[{"href":"https:\/\/modelkars.com\/fr\/wp-json\/wp\/v2\/media?parent=103838"}],"wp:term":[{"taxonomy":"product_brand","embeddable":true,"href":"https:\/\/modelkars.com\/fr\/wp-json\/wp\/v2\/product_brand?post=103838"},{"taxonomy":"product_cat","embeddable":true,"href":"https:\/\/modelkars.com\/fr\/wp-json\/wp\/v2\/product_cat?post=103838"},{"taxonomy":"product_tag","embeddable":true,"href":"https:\/\/modelkars.com\/fr\/wp-json\/wp\/v2\/product_tag?post=103838"}],"curies":[{"name":"wp","href":"https:\/\/api.w.org\/{rel}","templated":true}]}}