{"id":103833,"date":"2026-05-13T23:37:52","date_gmt":"2026-05-13T21:37:52","guid":{"rendered":"https:\/\/modelkars.com\/?post_type=product&#038;p=103833"},"modified":"2026-05-14T01:08:05","modified_gmt":"2026-05-13T23:08:05","slug":"lambo058na63a-lamborghini-revuelto-na63-blu","status":"publish","type":"product","link":"https:\/\/modelkars.com\/fr\/shop\/mr-collection\/lambo058na63a-lamborghini-revuelto-na63-blu\/","title":{"rendered":"Lamborghini Revuelto NA63"},"content":{"rendered":"","protected":false},"excerpt":{"rendered":"<p>Cette Lamborghini Revuelto NA63 \u00e0 l&rsquo;\u00e9chelle 1:18 est reproduite en r\u00e9sine par MR Collection dans un coloris Blu Marinus. S\u00e9rie exclusive limit\u00e9e \u00e0 seulement 63 exemplaires, elle est r\u00e9alis\u00e9e avec socle et vitrine. Le chiffre 63 ne doit rien au hasard : il fait r\u00e9f\u00e9rence \u00e0 1963, ann\u00e9e de fondation de la marque par Ferruccio Lamborghini, et marque en 2026 le 63e anniversaire du Taureau. Les rayures bicolores inspir\u00e9es des drapeaux am\u00e9ricain et canadien rappellent que cette \u00e9dition sp\u00e9ciale est exclusivement destin\u00e9e au march\u00e9 nord-am\u00e9ricain, de loin le plus important pour Lamborghini.<\/p>\n","protected":false},"featured_media":103842,"template":"","meta":{"_seopress_robots_primary_cat":"","_seopress_titles_title":"","_seopress_titles_desc":"","_seopress_robots_index":""},"product_brand":[],"product_cat":[95,163],"product_tag":[84,93,92,85,86,323],"class_list":{"0":"post-103833","1":"product","2":"type-product","3":"status-publish","4":"has-post-thumbnail","6":"product_cat-mr-collection","7":"product_cat-precommandes","8":"product_tag-echelle-118","9":"product_tag-edition-limitee","10":"product_tag-resine","11":"product_tag-sans-ouvrants","12":"product_tag-socle-inclus","13":"product_tag-vitrine-incluse","15":"first","16":"instock","17":"taxable","18":"shipping-taxable","19":"purchasable","20":"product-type-simple"},"_links":{"self":[{"href":"https:\/\/modelkars.com\/fr\/wp-json\/wp\/v2\/product\/103833","targetHints":{"allow":["GET"]}}],"collection":[{"href":"https:\/\/modelkars.com\/fr\/wp-json\/wp\/v2\/product"}],"about":[{"href":"https:\/\/modelkars.com\/fr\/wp-json\/wp\/v2\/types\/product"}],"wp:featuredmedia":[{"embeddable":true,"href":"https:\/\/modelkars.com\/fr\/wp-json\/wp\/v2\/media\/103842"}],"wp:attachment":[{"href":"https:\/\/modelkars.com\/fr\/wp-json\/wp\/v2\/media?parent=103833"}],"wp:term":[{"taxonomy":"product_brand","embeddable":true,"href":"https:\/\/modelkars.com\/fr\/wp-json\/wp\/v2\/product_brand?post=103833"},{"taxonomy":"product_cat","embeddable":true,"href":"https:\/\/modelkars.com\/fr\/wp-json\/wp\/v2\/product_cat?post=103833"},{"taxonomy":"product_tag","embeddable":true,"href":"https:\/\/modelkars.com\/fr\/wp-json\/wp\/v2\/product_tag?post=103833"}],"curies":[{"name":"wp","href":"https:\/\/api.w.org\/{rel}","templated":true}]}}