{"id":103760,"date":"2026-05-12T20:45:44","date_gmt":"2026-05-12T18:45:44","guid":{"rendered":"https:\/\/modelkars.com\/?post_type=product&#038;p=103760"},"modified":"2026-05-12T20:54:27","modified_gmt":"2026-05-12T18:54:27","slug":"lambo068a-lamborghini-fenomeno-roadster-blu-cepheus","status":"publish","type":"product","link":"https:\/\/modelkars.com\/fr\/shop\/mr-collection\/lambo068a-lamborghini-fenomeno-roadster-blu-cepheus\/","title":{"rendered":"Lamborghini Fenomeno Roadster"},"content":{"rendered":"","protected":false},"excerpt":{"rendered":"<p>Cette Lamborghini Fenomeno Roadster \u00e0 l&rsquo;\u00e9chelle 1:18 est reproduite en r\u00e9sine par MR Collection dans un coloris Blu Cepheus avec accents Rosso Mars. La Fenomeno Roadster est la d\u00e9clinaison d\u00e9couvrable du coup\u00e9 Fenomeno, produite \u00e0 seulement 15 exemplaires dans le monde. Son bloc V12 6,5 litres atmosph\u00e9rique, coupl\u00e9 \u00e0 trois moteurs \u00e9lectriques, d\u00e9veloppe une puissance combin\u00e9e de 1 080 CV, un record absolu pour une Lamborghini \u00e0 ciel ouvert. La teinte bleue de la s\u00e9rie originale rend d&rsquo;ailleurs hommage \u00e0 la Miura Roadster de 1968, premi\u00e8re voiture d\u00e9couvrable jamais construite par Sant&rsquo;Agata. Ce mod\u00e8le est livr\u00e9 avec socle et vitrine.<\/p>\n","protected":false},"featured_media":103762,"template":"","meta":{"_seopress_robots_primary_cat":"","_seopress_titles_title":"","_seopress_titles_desc":"","_seopress_robots_index":""},"product_brand":[],"product_cat":[95,163],"product_tag":[84,93,92,85,86,323],"class_list":{"0":"post-103760","1":"product","2":"type-product","3":"status-publish","4":"has-post-thumbnail","6":"product_cat-mr-collection","7":"product_cat-precommandes","8":"product_tag-echelle-118","9":"product_tag-edition-limitee","10":"product_tag-resine","11":"product_tag-sans-ouvrants","12":"product_tag-socle-inclus","13":"product_tag-vitrine-incluse","15":"first","16":"instock","17":"taxable","18":"shipping-taxable","19":"purchasable","20":"product-type-simple"},"_links":{"self":[{"href":"https:\/\/modelkars.com\/fr\/wp-json\/wp\/v2\/product\/103760","targetHints":{"allow":["GET"]}}],"collection":[{"href":"https:\/\/modelkars.com\/fr\/wp-json\/wp\/v2\/product"}],"about":[{"href":"https:\/\/modelkars.com\/fr\/wp-json\/wp\/v2\/types\/product"}],"wp:featuredmedia":[{"embeddable":true,"href":"https:\/\/modelkars.com\/fr\/wp-json\/wp\/v2\/media\/103762"}],"wp:attachment":[{"href":"https:\/\/modelkars.com\/fr\/wp-json\/wp\/v2\/media?parent=103760"}],"wp:term":[{"taxonomy":"product_brand","embeddable":true,"href":"https:\/\/modelkars.com\/fr\/wp-json\/wp\/v2\/product_brand?post=103760"},{"taxonomy":"product_cat","embeddable":true,"href":"https:\/\/modelkars.com\/fr\/wp-json\/wp\/v2\/product_cat?post=103760"},{"taxonomy":"product_tag","embeddable":true,"href":"https:\/\/modelkars.com\/fr\/wp-json\/wp\/v2\/product_tag?post=103760"}],"curies":[{"name":"wp","href":"https:\/\/api.w.org\/{rel}","templated":true}]}}