{"id":10353,"date":"2020-11-29T15:47:51","date_gmt":"2020-11-29T14:47:51","guid":{"rendered":"https:\/\/modelkars.com\/?post_type=product&#038;p=10353"},"modified":"2025-12-01T01:55:03","modified_gmt":"2025-12-01T00:55:03","slug":"ts0288-aston-martin-dbx-bronze","status":"publish","type":"product","link":"https:\/\/modelkars.com\/fr\/shop\/topspeed\/ts0288-aston-martin-dbx-bronze\/","title":{"rendered":"Aston Martin DBX"},"content":{"rendered":"","protected":false},"excerpt":{"rendered":"<p>Premier v\u00e9hicule de la marque \u00e0 \u00eatre capable d\u2019embarquer cinq passagers, ce SUV de luxe a \u00e9t\u00e9 pr\u00e9sent\u00e9 par Aston Martin en 2019. Ici reproduit en version miniature \u00e0 l\u2019\u00e9chelle 1:18, ce v\u00e9hicule est fabriqu\u00e9 par TopSpeed dans sa couleur Satin Solar Bronze et livr\u00e9e sur un socle du plus bel effet.<\/p>\n","protected":false},"featured_media":10393,"template":"","meta":{"_seopress_robots_primary_cat":"none","_seopress_titles_title":"","_seopress_titles_desc":"","_seopress_robots_index":""},"product_brand":[],"product_cat":[74],"product_tag":[84,92,85,86],"class_list":{"0":"post-10353","1":"product","2":"type-product","3":"status-publish","4":"has-post-thumbnail","6":"product_cat-topspeed","7":"product_tag-echelle-118","8":"product_tag-resine","9":"product_tag-sans-ouvrants","10":"product_tag-socle-inclus","12":"first","13":"outofstock","14":"taxable","15":"shipping-taxable","16":"purchasable","17":"product-type-simple"},"_links":{"self":[{"href":"https:\/\/modelkars.com\/fr\/wp-json\/wp\/v2\/product\/10353","targetHints":{"allow":["GET"]}}],"collection":[{"href":"https:\/\/modelkars.com\/fr\/wp-json\/wp\/v2\/product"}],"about":[{"href":"https:\/\/modelkars.com\/fr\/wp-json\/wp\/v2\/types\/product"}],"wp:featuredmedia":[{"embeddable":true,"href":"https:\/\/modelkars.com\/fr\/wp-json\/wp\/v2\/media\/10393"}],"wp:attachment":[{"href":"https:\/\/modelkars.com\/fr\/wp-json\/wp\/v2\/media?parent=10353"}],"wp:term":[{"taxonomy":"product_brand","embeddable":true,"href":"https:\/\/modelkars.com\/fr\/wp-json\/wp\/v2\/product_brand?post=10353"},{"taxonomy":"product_cat","embeddable":true,"href":"https:\/\/modelkars.com\/fr\/wp-json\/wp\/v2\/product_cat?post=10353"},{"taxonomy":"product_tag","embeddable":true,"href":"https:\/\/modelkars.com\/fr\/wp-json\/wp\/v2\/product_tag?post=10353"}],"curies":[{"name":"wp","href":"https:\/\/api.w.org\/{rel}","templated":true}]}}