{"id":103371,"date":"2026-04-30T19:47:02","date_gmt":"2026-04-30T17:47:02","guid":{"rendered":"https:\/\/modelkars.com\/?post_type=product&#038;p=103371"},"modified":"2026-04-30T21:10:07","modified_gmt":"2026-04-30T19:10:07","slug":"he180055die-ferrari-488-pista-rosso-corsa-bandes-argento-nurburgring-et-blu-america","status":"publish","type":"product","link":"https:\/\/modelkars.com\/fr\/shop\/bbr\/he180055die-ferrari-488-pista-rosso-corsa-bandes-argento-nurburgring-et-blu-america\/","title":{"rendered":"Ferrari 488 Pista"},"content":{"rendered":"","protected":false},"excerpt":{"rendered":"<p>Cette Ferrari 488 Pista \u00e0 l&rsquo;\u00e9chelle 1:18 est r\u00e9alis\u00e9e par BBR en m\u00e9tal avec \u00e9l\u00e9ments ouvrants, et repose sur un socle pr\u00e9sent\u00e9 sous vitrine. Elle arbore une robe en Rosso Corsa rehauss\u00e9e des bandes Argento Nurburgring et Blu America, deux r\u00e9f\u00e9rences aux \u00e9preuves d&rsquo;endurance embl\u00e9matiques. La 488 Pista tire son nom du mot italien d\u00e9signant la piste, et fut la premi\u00e8re Ferrari routi\u00e8re \u00e0 int\u00e9grer un syst\u00e8me S-Duct emprunt\u00e9 \u00e0 la Formule 1, acheminant l&rsquo;air \u00e0 travers le capot avant pour am\u00e9liorer l&rsquo;appui a\u00e9rodynamique.<\/p>\n","protected":false},"featured_media":103525,"template":"","meta":{"_seopress_robots_primary_cat":"","_seopress_titles_title":"","_seopress_titles_desc":"","_seopress_robots_index":""},"product_brand":[],"product_cat":[315,163],"product_tag":[117,84,93,89,86,323],"class_list":{"0":"post-103371","1":"product","2":"type-product","3":"status-publish","4":"has-post-thumbnail","6":"product_cat-bbr","7":"product_cat-precommandes","8":"product_tag-avec-ouvrants","9":"product_tag-echelle-118","10":"product_tag-edition-limitee","11":"product_tag-metal","12":"product_tag-socle-inclus","13":"product_tag-vitrine-incluse","15":"first","16":"instock","17":"taxable","18":"shipping-taxable","19":"purchasable","20":"product-type-simple"},"_links":{"self":[{"href":"https:\/\/modelkars.com\/fr\/wp-json\/wp\/v2\/product\/103371","targetHints":{"allow":["GET"]}}],"collection":[{"href":"https:\/\/modelkars.com\/fr\/wp-json\/wp\/v2\/product"}],"about":[{"href":"https:\/\/modelkars.com\/fr\/wp-json\/wp\/v2\/types\/product"}],"wp:featuredmedia":[{"embeddable":true,"href":"https:\/\/modelkars.com\/fr\/wp-json\/wp\/v2\/media\/103525"}],"wp:attachment":[{"href":"https:\/\/modelkars.com\/fr\/wp-json\/wp\/v2\/media?parent=103371"}],"wp:term":[{"taxonomy":"product_brand","embeddable":true,"href":"https:\/\/modelkars.com\/fr\/wp-json\/wp\/v2\/product_brand?post=103371"},{"taxonomy":"product_cat","embeddable":true,"href":"https:\/\/modelkars.com\/fr\/wp-json\/wp\/v2\/product_cat?post=103371"},{"taxonomy":"product_tag","embeddable":true,"href":"https:\/\/modelkars.com\/fr\/wp-json\/wp\/v2\/product_tag?post=103371"}],"curies":[{"name":"wp","href":"https:\/\/api.w.org\/{rel}","templated":true}]}}