{"id":103370,"date":"2026-04-30T19:47:02","date_gmt":"2026-04-30T17:47:02","guid":{"rendered":"https:\/\/modelkars.com\/?post_type=product&#038;p=103370"},"modified":"2026-04-30T21:10:07","modified_gmt":"2026-04-30T19:10:07","slug":"gt591-porsche-techart-ct3-993-speed-yellow","status":"publish","type":"product","link":"https:\/\/modelkars.com\/fr\/shop\/gt-spirit\/gt591-porsche-techart-ct3-993-speed-yellow\/","title":{"rendered":"Porsche TechArt CT3 (993)"},"content":{"rendered":"","protected":false},"excerpt":{"rendered":"<p>Cette Porsche TechArt CT3 sur base 911 (993) de 1995 est reproduite \u00e0 l&rsquo;\u00e9chelle 1:18 par GT Spirit en r\u00e9sine, dans un coloris Speed Yellow. S\u00e9rie limit\u00e9e, ce mod\u00e8le rend hommage au programme CT3 de TechArt, d\u00e9voil\u00e9 au Salon de Francfort en 1995. Le moteur flat-six 3.6L de la Carrera re\u00e7oit un compresseur \u00e0 courroie Turmat, portant la puissance \u00e0 462 chevaux, faisant du CT3 l&rsquo;une des 911 de route les plus puissantes disponibles \u00e0 l&rsquo;\u00e9poque.<\/p>\n","protected":false},"featured_media":103522,"template":"","meta":{"_seopress_robots_primary_cat":"","_seopress_titles_title":"","_seopress_titles_desc":"","_seopress_robots_index":""},"product_brand":[],"product_cat":[71,163],"product_tag":[84,93,92,85],"class_list":{"0":"post-103370","1":"product","2":"type-product","3":"status-publish","4":"has-post-thumbnail","6":"product_cat-gt-spirit","7":"product_cat-precommandes","8":"product_tag-echelle-118","9":"product_tag-edition-limitee","10":"product_tag-resine","11":"product_tag-sans-ouvrants","13":"first","14":"onbackorder","15":"taxable","16":"shipping-taxable","17":"purchasable","18":"product-type-simple"},"_links":{"self":[{"href":"https:\/\/modelkars.com\/fr\/wp-json\/wp\/v2\/product\/103370","targetHints":{"allow":["GET"]}}],"collection":[{"href":"https:\/\/modelkars.com\/fr\/wp-json\/wp\/v2\/product"}],"about":[{"href":"https:\/\/modelkars.com\/fr\/wp-json\/wp\/v2\/types\/product"}],"wp:featuredmedia":[{"embeddable":true,"href":"https:\/\/modelkars.com\/fr\/wp-json\/wp\/v2\/media\/103522"}],"wp:attachment":[{"href":"https:\/\/modelkars.com\/fr\/wp-json\/wp\/v2\/media?parent=103370"}],"wp:term":[{"taxonomy":"product_brand","embeddable":true,"href":"https:\/\/modelkars.com\/fr\/wp-json\/wp\/v2\/product_brand?post=103370"},{"taxonomy":"product_cat","embeddable":true,"href":"https:\/\/modelkars.com\/fr\/wp-json\/wp\/v2\/product_cat?post=103370"},{"taxonomy":"product_tag","embeddable":true,"href":"https:\/\/modelkars.com\/fr\/wp-json\/wp\/v2\/product_tag?post=103370"}],"curies":[{"name":"wp","href":"https:\/\/api.w.org\/{rel}","templated":true}]}}