{"id":103369,"date":"2026-04-30T19:47:02","date_gmt":"2026-04-30T17:47:02","guid":{"rendered":"https:\/\/modelkars.com\/?post_type=product&#038;p=103369"},"modified":"2026-04-30T21:10:06","modified_gmt":"2026-04-30T19:10:06","slug":"gt1027-chevrolet-corvette-zr1x-noir","status":"publish","type":"product","link":"https:\/\/modelkars.com\/fr\/shop\/gt-spirit\/gt1027-chevrolet-corvette-zr1x-noir\/","title":{"rendered":"Chevrolet Corvette ZR1X"},"content":{"rendered":"","protected":false},"excerpt":{"rendered":"<p>Cette Chevrolet Corvette ZR1X de 2025 est reproduite \u00e0 l&rsquo;\u00e9chelle 1:18 par GT Spirit en r\u00e9sine, dans un coloris noir. S\u00e9rie limit\u00e9e, ce mod\u00e8le repr\u00e9sente la hypercar am\u00e9ricaine la plus avanc\u00e9e de l&rsquo;histoire de la Corvette, combinant le moteur V8 biturbo LT7 de 1 064 chevaux \u00e0 un moteur \u00e9lectrique avant de 186 chevaux pour une puissance totale de 1 250 chevaux. Lors des tests de validation en 2025, la ZR1X a boucl\u00e9 le quart de mile en 8,675 secondes, un record pour une voiture de s\u00e9rie am\u00e9ricaine.<\/p>\n","protected":false},"featured_media":103519,"template":"","meta":{"_seopress_robots_primary_cat":"","_seopress_titles_title":"","_seopress_titles_desc":"","_seopress_robots_index":""},"product_brand":[],"product_cat":[71,163],"product_tag":[84,93,92,85],"class_list":{"0":"post-103369","1":"product","2":"type-product","3":"status-publish","4":"has-post-thumbnail","6":"product_cat-gt-spirit","7":"product_cat-precommandes","8":"product_tag-echelle-118","9":"product_tag-edition-limitee","10":"product_tag-resine","11":"product_tag-sans-ouvrants","13":"first","14":"onbackorder","15":"taxable","16":"shipping-taxable","17":"purchasable","18":"product-type-simple"},"_links":{"self":[{"href":"https:\/\/modelkars.com\/fr\/wp-json\/wp\/v2\/product\/103369","targetHints":{"allow":["GET"]}}],"collection":[{"href":"https:\/\/modelkars.com\/fr\/wp-json\/wp\/v2\/product"}],"about":[{"href":"https:\/\/modelkars.com\/fr\/wp-json\/wp\/v2\/types\/product"}],"wp:featuredmedia":[{"embeddable":true,"href":"https:\/\/modelkars.com\/fr\/wp-json\/wp\/v2\/media\/103519"}],"wp:attachment":[{"href":"https:\/\/modelkars.com\/fr\/wp-json\/wp\/v2\/media?parent=103369"}],"wp:term":[{"taxonomy":"product_brand","embeddable":true,"href":"https:\/\/modelkars.com\/fr\/wp-json\/wp\/v2\/product_brand?post=103369"},{"taxonomy":"product_cat","embeddable":true,"href":"https:\/\/modelkars.com\/fr\/wp-json\/wp\/v2\/product_cat?post=103369"},{"taxonomy":"product_tag","embeddable":true,"href":"https:\/\/modelkars.com\/fr\/wp-json\/wp\/v2\/product_tag?post=103369"}],"curies":[{"name":"wp","href":"https:\/\/api.w.org\/{rel}","templated":true}]}}