{"id":103368,"date":"2026-04-30T19:47:02","date_gmt":"2026-04-30T17:47:02","guid":{"rendered":"https:\/\/modelkars.com\/?post_type=product&#038;p=103368"},"modified":"2026-05-01T11:08:23","modified_gmt":"2026-05-01T09:08:23","slug":"gt589-aston-martin-vanquish-volante-morpheus-blue","status":"publish","type":"product","link":"https:\/\/modelkars.com\/fr\/shop\/gt-spirit\/gt589-aston-martin-vanquish-volante-morpheus-blue\/","title":{"rendered":"Aston Martin Vanquish Volante"},"content":{"rendered":"","protected":false},"excerpt":{"rendered":"<p>Cette Aston Martin Vanquish Volante de 2025 est reproduite \u00e0 l&rsquo;\u00e9chelle 1:18 par GT Spirit en r\u00e9sine, dans un coloris Morpheus Blue. S\u00e9rie limit\u00e9e, elle repr\u00e9sente la d\u00e9clinaison cabriolet du nouveau Vanquish, anim\u00e9 par un V12 biturbo 5.2L de 824 chevaux. Le nom Vanquish revient chez Aston Martin pour d\u00e9signer le sommet de la gamme routi\u00e8re, une position qu&rsquo;il occupait d\u00e9j\u00e0 avec le mod\u00e8le original lanc\u00e9 en 2001.<\/p>\n","protected":false},"featured_media":103516,"template":"","meta":{"_seopress_robots_primary_cat":"","_seopress_titles_title":"","_seopress_titles_desc":"","_seopress_robots_index":""},"product_brand":[],"product_cat":[71,163],"product_tag":[84,93,92,85],"class_list":{"0":"post-103368","1":"product","2":"type-product","3":"status-publish","4":"has-post-thumbnail","6":"product_cat-gt-spirit","7":"product_cat-precommandes","8":"product_tag-echelle-118","9":"product_tag-edition-limitee","10":"product_tag-resine","11":"product_tag-sans-ouvrants","13":"first","14":"onbackorder","15":"taxable","16":"shipping-taxable","17":"purchasable","18":"product-type-simple"},"_links":{"self":[{"href":"https:\/\/modelkars.com\/fr\/wp-json\/wp\/v2\/product\/103368","targetHints":{"allow":["GET"]}}],"collection":[{"href":"https:\/\/modelkars.com\/fr\/wp-json\/wp\/v2\/product"}],"about":[{"href":"https:\/\/modelkars.com\/fr\/wp-json\/wp\/v2\/types\/product"}],"wp:featuredmedia":[{"embeddable":true,"href":"https:\/\/modelkars.com\/fr\/wp-json\/wp\/v2\/media\/103516"}],"wp:attachment":[{"href":"https:\/\/modelkars.com\/fr\/wp-json\/wp\/v2\/media?parent=103368"}],"wp:term":[{"taxonomy":"product_brand","embeddable":true,"href":"https:\/\/modelkars.com\/fr\/wp-json\/wp\/v2\/product_brand?post=103368"},{"taxonomy":"product_cat","embeddable":true,"href":"https:\/\/modelkars.com\/fr\/wp-json\/wp\/v2\/product_cat?post=103368"},{"taxonomy":"product_tag","embeddable":true,"href":"https:\/\/modelkars.com\/fr\/wp-json\/wp\/v2\/product_tag?post=103368"}],"curies":[{"name":"wp","href":"https:\/\/api.w.org\/{rel}","templated":true}]}}