{"id":103367,"date":"2026-04-30T19:47:02","date_gmt":"2026-04-30T17:47:02","guid":{"rendered":"https:\/\/modelkars.com\/?post_type=product&#038;p=103367"},"modified":"2026-05-01T11:08:23","modified_gmt":"2026-05-01T09:08:23","slug":"gt592-brabus-600-range-rover-noir","status":"publish","type":"product","link":"https:\/\/modelkars.com\/fr\/shop\/gt-spirit\/gt592-brabus-600-range-rover-noir\/","title":{"rendered":"Brabus 600 Range Rover"},"content":{"rendered":"","protected":false},"excerpt":{"rendered":"<p>Ce Brabus 600 de 2025 est reproduit \u00e0 l&rsquo;\u00e9chelle 1:18 par GT Spirit en r\u00e9sine, dans un coloris noir. S\u00e9rie limit\u00e9e, il repr\u00e9sente la version pr\u00e9par\u00e9e par Brabus du Range Rover, port\u00e9e \u00e0 600 chevaux. Brabus, pr\u00e9parateur ind\u00e9pendant bas\u00e9 \u00e0 Bottrop et fond\u00e9 en 1977, est l&rsquo;un des rares ateliers \u00e0 avoir entretenu une relation de long terme avec Mercedes-Benz, et \u00e9tend aujourd&rsquo;hui son programme de pr\u00e9paration \u00e0 d&rsquo;autres constructeurs, dont Land Rover.<\/p>\n","protected":false},"featured_media":103513,"template":"","meta":{"_seopress_robots_primary_cat":"","_seopress_titles_title":"","_seopress_titles_desc":"","_seopress_robots_index":""},"product_brand":[],"product_cat":[71,163],"product_tag":[84,93,92,85],"class_list":{"0":"post-103367","1":"product","2":"type-product","3":"status-publish","4":"has-post-thumbnail","6":"product_cat-gt-spirit","7":"product_cat-precommandes","8":"product_tag-echelle-118","9":"product_tag-edition-limitee","10":"product_tag-resine","11":"product_tag-sans-ouvrants","13":"first","14":"onbackorder","15":"taxable","16":"shipping-taxable","17":"purchasable","18":"product-type-simple"},"_links":{"self":[{"href":"https:\/\/modelkars.com\/fr\/wp-json\/wp\/v2\/product\/103367","targetHints":{"allow":["GET"]}}],"collection":[{"href":"https:\/\/modelkars.com\/fr\/wp-json\/wp\/v2\/product"}],"about":[{"href":"https:\/\/modelkars.com\/fr\/wp-json\/wp\/v2\/types\/product"}],"wp:featuredmedia":[{"embeddable":true,"href":"https:\/\/modelkars.com\/fr\/wp-json\/wp\/v2\/media\/103513"}],"wp:attachment":[{"href":"https:\/\/modelkars.com\/fr\/wp-json\/wp\/v2\/media?parent=103367"}],"wp:term":[{"taxonomy":"product_brand","embeddable":true,"href":"https:\/\/modelkars.com\/fr\/wp-json\/wp\/v2\/product_brand?post=103367"},{"taxonomy":"product_cat","embeddable":true,"href":"https:\/\/modelkars.com\/fr\/wp-json\/wp\/v2\/product_cat?post=103367"},{"taxonomy":"product_tag","embeddable":true,"href":"https:\/\/modelkars.com\/fr\/wp-json\/wp\/v2\/product_tag?post=103367"}],"curies":[{"name":"wp","href":"https:\/\/api.w.org\/{rel}","templated":true}]}}