{"id":103364,"date":"2026-04-30T19:47:01","date_gmt":"2026-04-30T17:47:01","guid":{"rendered":"https:\/\/modelkars.com\/?post_type=product&#038;p=103364"},"modified":"2026-05-01T09:33:09","modified_gmt":"2026-05-01T07:33:09","slug":"gt590-bmw-m2-by-khyzyl-saleem-bleu","status":"publish","type":"product","link":"https:\/\/modelkars.com\/fr\/shop\/gt-spirit\/gt590-bmw-m2-by-khyzyl-saleem-bleu\/","title":{"rendered":"BMW M2 by Khyzyl Saleem"},"content":{"rendered":"","protected":false},"excerpt":{"rendered":"<p>Cette BMW M2 de 2025, revisit\u00e9e par l&rsquo;artiste Khyzyl Saleem, est reproduite \u00e0 l&rsquo;\u00e9chelle 1:18 par GT Spirit en r\u00e9sine, dans un coloris bleu. S\u00e9rie limit\u00e9e, ce mod\u00e8le traduit en volume la vision futuriste du designer num\u00e9rique, dont les renders ont marqu\u00e9 l&rsquo;esth\u00e9tique d&rsquo;une g\u00e9n\u00e9ration enti\u00e8re de passionn\u00e9s d&rsquo;automobile.<\/p>\n","protected":false},"featured_media":103504,"template":"","meta":{"_seopress_robots_primary_cat":"","_seopress_titles_title":"","_seopress_titles_desc":"","_seopress_robots_index":""},"product_brand":[],"product_cat":[71,163],"product_tag":[84,93,92,85],"class_list":{"0":"post-103364","1":"product","2":"type-product","3":"status-publish","4":"has-post-thumbnail","6":"product_cat-gt-spirit","7":"product_cat-precommandes","8":"product_tag-echelle-118","9":"product_tag-edition-limitee","10":"product_tag-resine","11":"product_tag-sans-ouvrants","13":"first","14":"onbackorder","15":"taxable","16":"shipping-taxable","17":"purchasable","18":"product-type-simple"},"_links":{"self":[{"href":"https:\/\/modelkars.com\/fr\/wp-json\/wp\/v2\/product\/103364","targetHints":{"allow":["GET"]}}],"collection":[{"href":"https:\/\/modelkars.com\/fr\/wp-json\/wp\/v2\/product"}],"about":[{"href":"https:\/\/modelkars.com\/fr\/wp-json\/wp\/v2\/types\/product"}],"wp:featuredmedia":[{"embeddable":true,"href":"https:\/\/modelkars.com\/fr\/wp-json\/wp\/v2\/media\/103504"}],"wp:attachment":[{"href":"https:\/\/modelkars.com\/fr\/wp-json\/wp\/v2\/media?parent=103364"}],"wp:term":[{"taxonomy":"product_brand","embeddable":true,"href":"https:\/\/modelkars.com\/fr\/wp-json\/wp\/v2\/product_brand?post=103364"},{"taxonomy":"product_cat","embeddable":true,"href":"https:\/\/modelkars.com\/fr\/wp-json\/wp\/v2\/product_cat?post=103364"},{"taxonomy":"product_tag","embeddable":true,"href":"https:\/\/modelkars.com\/fr\/wp-json\/wp\/v2\/product_tag?post=103364"}],"curies":[{"name":"wp","href":"https:\/\/api.w.org\/{rel}","templated":true}]}}