{"id":103363,"date":"2026-04-30T19:47:01","date_gmt":"2026-04-30T17:47:01","guid":{"rendered":"https:\/\/modelkars.com\/?post_type=product&#038;p=103363"},"modified":"2026-05-01T10:04:10","modified_gmt":"2026-05-01T08:04:10","slug":"gt1028-porsche-911-964-turbo-3-6-cobalt-blue","status":"publish","type":"product","link":"https:\/\/modelkars.com\/fr\/shop\/gt-spirit\/gt1028-porsche-911-964-turbo-3-6-cobalt-blue\/","title":{"rendered":"Porsche 911 (964) Turbo 3.6"},"content":{"rendered":"","protected":false},"excerpt":{"rendered":"<p>Cette Porsche 911 (964) Turbo 3.6 de 1993 est reproduite \u00e0 l&rsquo;\u00e9chelle 1:12 par GT Spirit en r\u00e9sine, dans un coloris Cobalt Blue. S\u00e9rie limit\u00e9e, ce mod\u00e8le repr\u00e9sente la version perfectionn\u00e9e de la 911 Turbo bas\u00e9e sur la 964. Introduit en 1993, le moteur 3.6L repris de la Carrera 2 rempla\u00e7ait le 3.3L d&rsquo;origine, portant la puissance \u00e0 360 chevaux, un gain de 40 chevaux qui abaissait le 0 \u00e0 100 km\/h \u00e0 environ 4,7 secondes.<\/p>\n","protected":false},"featured_media":103501,"template":"","meta":{"_seopress_robots_primary_cat":"","_seopress_titles_title":"","_seopress_titles_desc":"","_seopress_robots_index":""},"product_brand":[],"product_cat":[71,163],"product_tag":[188,93,92,85],"class_list":{"0":"post-103363","1":"product","2":"type-product","3":"status-publish","4":"has-post-thumbnail","6":"product_cat-gt-spirit","7":"product_cat-precommandes","8":"product_tag-echelle-112","9":"product_tag-edition-limitee","10":"product_tag-resine","11":"product_tag-sans-ouvrants","13":"first","14":"onbackorder","15":"taxable","16":"shipping-taxable","17":"purchasable","18":"product-type-simple"},"_links":{"self":[{"href":"https:\/\/modelkars.com\/fr\/wp-json\/wp\/v2\/product\/103363","targetHints":{"allow":["GET"]}}],"collection":[{"href":"https:\/\/modelkars.com\/fr\/wp-json\/wp\/v2\/product"}],"about":[{"href":"https:\/\/modelkars.com\/fr\/wp-json\/wp\/v2\/types\/product"}],"wp:featuredmedia":[{"embeddable":true,"href":"https:\/\/modelkars.com\/fr\/wp-json\/wp\/v2\/media\/103501"}],"wp:attachment":[{"href":"https:\/\/modelkars.com\/fr\/wp-json\/wp\/v2\/media?parent=103363"}],"wp:term":[{"taxonomy":"product_brand","embeddable":true,"href":"https:\/\/modelkars.com\/fr\/wp-json\/wp\/v2\/product_brand?post=103363"},{"taxonomy":"product_cat","embeddable":true,"href":"https:\/\/modelkars.com\/fr\/wp-json\/wp\/v2\/product_cat?post=103363"},{"taxonomy":"product_tag","embeddable":true,"href":"https:\/\/modelkars.com\/fr\/wp-json\/wp\/v2\/product_tag?post=103363"}],"curies":[{"name":"wp","href":"https:\/\/api.w.org\/{rel}","templated":true}]}}