{"id":103362,"date":"2026-04-30T19:47:01","date_gmt":"2026-04-30T17:47:01","guid":{"rendered":"https:\/\/modelkars.com\/?post_type=product&#038;p=103362"},"modified":"2026-04-30T21:10:07","modified_gmt":"2026-04-30T19:10:07","slug":"gts800602-bmw-m3-sport-evolution-black-ii","status":"publish","type":"product","link":"https:\/\/modelkars.com\/fr\/shop\/gt-spirit\/gts800602-bmw-m3-sport-evolution-black-ii\/","title":{"rendered":"BMW M3 Sport Evolution"},"content":{"rendered":"","protected":false},"excerpt":{"rendered":"<p>Cette BMW M3 Sport Evolution de 1990 est reproduite \u00e0 l&rsquo;\u00e9chelle 1:8\u00e8me par GT Spirit en r\u00e9sine, dans un coloris Black II. S\u00e9rie limit\u00e9e, elle est pr\u00e9sent\u00e9e sur socle sous vitrine.<\/p>\n","protected":false},"featured_media":103498,"template":"","meta":{"_seopress_robots_primary_cat":"","_seopress_titles_title":"","_seopress_titles_desc":"","_seopress_robots_index":""},"product_brand":[],"product_cat":[71,163],"product_tag":[189,93,92,85,86,323],"class_list":{"0":"post-103362","1":"product","2":"type-product","3":"status-publish","4":"has-post-thumbnail","6":"product_cat-gt-spirit","7":"product_cat-precommandes","8":"product_tag-echelle-18","9":"product_tag-edition-limitee","10":"product_tag-resine","11":"product_tag-sans-ouvrants","12":"product_tag-socle-inclus","13":"product_tag-vitrine-incluse","15":"first","16":"onbackorder","17":"taxable","18":"shipping-taxable","19":"purchasable","20":"product-type-simple"},"_links":{"self":[{"href":"https:\/\/modelkars.com\/fr\/wp-json\/wp\/v2\/product\/103362","targetHints":{"allow":["GET"]}}],"collection":[{"href":"https:\/\/modelkars.com\/fr\/wp-json\/wp\/v2\/product"}],"about":[{"href":"https:\/\/modelkars.com\/fr\/wp-json\/wp\/v2\/types\/product"}],"wp:featuredmedia":[{"embeddable":true,"href":"https:\/\/modelkars.com\/fr\/wp-json\/wp\/v2\/media\/103498"}],"wp:attachment":[{"href":"https:\/\/modelkars.com\/fr\/wp-json\/wp\/v2\/media?parent=103362"}],"wp:term":[{"taxonomy":"product_brand","embeddable":true,"href":"https:\/\/modelkars.com\/fr\/wp-json\/wp\/v2\/product_brand?post=103362"},{"taxonomy":"product_cat","embeddable":true,"href":"https:\/\/modelkars.com\/fr\/wp-json\/wp\/v2\/product_cat?post=103362"},{"taxonomy":"product_tag","embeddable":true,"href":"https:\/\/modelkars.com\/fr\/wp-json\/wp\/v2\/product_tag?post=103362"}],"curies":[{"name":"wp","href":"https:\/\/api.w.org\/{rel}","templated":true}]}}