{"id":103361,"date":"2026-04-30T19:47:01","date_gmt":"2026-04-30T17:47:01","guid":{"rendered":"https:\/\/modelkars.com\/?post_type=product&#038;p=103361"},"modified":"2026-04-30T21:10:07","modified_gmt":"2026-04-30T19:10:07","slug":"gts803101-porsche-carrera-gt-gt-silver","status":"publish","type":"product","link":"https:\/\/modelkars.com\/fr\/shop\/gt-spirit\/gts803101-porsche-carrera-gt-gt-silver\/","title":{"rendered":"Porsche Carrera GT"},"content":{"rendered":"","protected":false},"excerpt":{"rendered":"<p>Cette Porsche Carrera GT de 2003 est reproduite \u00e0 l&rsquo;\u00e9chelle 1:8\u00e8me par GT Spirit en r\u00e9sine, dans un coloris GT Silver. Produite en s\u00e9rie limit\u00e9e et pr\u00e9sent\u00e9e sur socle sous vitrine, cette pi\u00e8ce de grande envergure restitue avec pr\u00e9cision la supercar phare de Stuttgart du d\u00e9but des ann\u00e9es 2000. Le moteur V10 5.7L \u00e0 aspiration naturelle de 612 chevaux qui propulse la Carrera GT avait initialement \u00e9t\u00e9 d\u00e9velopp\u00e9 pour un projet de prototype engag\u00e9 au Mans, avant que Porsche n&rsquo;abandonne ce programme de comp\u00e9tition.<\/p>\n","protected":false},"featured_media":103495,"template":"","meta":{"_seopress_robots_primary_cat":"","_seopress_titles_title":"","_seopress_titles_desc":"","_seopress_robots_index":""},"product_brand":[],"product_cat":[71,163],"product_tag":[189,93,92,85,86,323],"class_list":{"0":"post-103361","1":"product","2":"type-product","3":"status-publish","4":"has-post-thumbnail","6":"product_cat-gt-spirit","7":"product_cat-precommandes","8":"product_tag-echelle-18","9":"product_tag-edition-limitee","10":"product_tag-resine","11":"product_tag-sans-ouvrants","12":"product_tag-socle-inclus","13":"product_tag-vitrine-incluse","15":"first","16":"onbackorder","17":"taxable","18":"shipping-taxable","19":"purchasable","20":"product-type-simple"},"_links":{"self":[{"href":"https:\/\/modelkars.com\/fr\/wp-json\/wp\/v2\/product\/103361","targetHints":{"allow":["GET"]}}],"collection":[{"href":"https:\/\/modelkars.com\/fr\/wp-json\/wp\/v2\/product"}],"about":[{"href":"https:\/\/modelkars.com\/fr\/wp-json\/wp\/v2\/types\/product"}],"wp:featuredmedia":[{"embeddable":true,"href":"https:\/\/modelkars.com\/fr\/wp-json\/wp\/v2\/media\/103495"}],"wp:attachment":[{"href":"https:\/\/modelkars.com\/fr\/wp-json\/wp\/v2\/media?parent=103361"}],"wp:term":[{"taxonomy":"product_brand","embeddable":true,"href":"https:\/\/modelkars.com\/fr\/wp-json\/wp\/v2\/product_brand?post=103361"},{"taxonomy":"product_cat","embeddable":true,"href":"https:\/\/modelkars.com\/fr\/wp-json\/wp\/v2\/product_cat?post=103361"},{"taxonomy":"product_tag","embeddable":true,"href":"https:\/\/modelkars.com\/fr\/wp-json\/wp\/v2\/product_tag?post=103361"}],"curies":[{"name":"wp","href":"https:\/\/api.w.org\/{rel}","templated":true}]}}