{"id":103359,"date":"2026-04-30T19:47:00","date_gmt":"2026-04-30T17:47:00","guid":{"rendered":"https:\/\/modelkars.com\/?post_type=product&#038;p=103359"},"modified":"2026-05-01T11:08:23","modified_gmt":"2026-05-01T09:08:23","slug":"gt1017-aston-martin-vantage-s-satin-xenon-grey","status":"publish","type":"product","link":"https:\/\/modelkars.com\/fr\/shop\/gt-spirit\/gt1017-aston-martin-vantage-s-satin-xenon-grey\/","title":{"rendered":"Aston Martin Vantage S"},"content":{"rendered":"","protected":false},"excerpt":{"rendered":"<p>Cette Aston Martin Vantage S de 2026 est reproduite \u00e0 l&rsquo;\u00e9chelle 1:18 par GT Spirit en r\u00e9sine, dans un coloris Satin Xenon Grey. S\u00e9rie limit\u00e9e, ce mod\u00e8le restitue la variante la plus aff\u00fbt\u00e9e de la nouvelle Vantage, anim\u00e9e par un V8 biturbo 4.0L construit \u00e0 la main, d\u00e9veloppant 680 chevaux. \u00c0 325 km\/h, la Vantage S g\u00e9n\u00e8re 111 kg d&rsquo;appui a\u00e9rodynamique suppl\u00e9mentaire par rapport \u00e0 la Vantage standard, gr\u00e2ce \u00e0 son becquet arri\u00e8re pleine largeur et \u00e0 ses lames de capot reconfigur\u00e9es.<\/p>\n","protected":false},"featured_media":103489,"template":"","meta":{"_seopress_robots_primary_cat":"","_seopress_titles_title":"","_seopress_titles_desc":"","_seopress_robots_index":""},"product_brand":[],"product_cat":[71,163],"product_tag":[84,93,92,85],"class_list":{"0":"post-103359","1":"product","2":"type-product","3":"status-publish","4":"has-post-thumbnail","6":"product_cat-gt-spirit","7":"product_cat-precommandes","8":"product_tag-echelle-118","9":"product_tag-edition-limitee","10":"product_tag-resine","11":"product_tag-sans-ouvrants","13":"first","14":"onbackorder","15":"taxable","16":"shipping-taxable","17":"purchasable","18":"product-type-simple"},"_links":{"self":[{"href":"https:\/\/modelkars.com\/fr\/wp-json\/wp\/v2\/product\/103359","targetHints":{"allow":["GET"]}}],"collection":[{"href":"https:\/\/modelkars.com\/fr\/wp-json\/wp\/v2\/product"}],"about":[{"href":"https:\/\/modelkars.com\/fr\/wp-json\/wp\/v2\/types\/product"}],"wp:featuredmedia":[{"embeddable":true,"href":"https:\/\/modelkars.com\/fr\/wp-json\/wp\/v2\/media\/103489"}],"wp:attachment":[{"href":"https:\/\/modelkars.com\/fr\/wp-json\/wp\/v2\/media?parent=103359"}],"wp:term":[{"taxonomy":"product_brand","embeddable":true,"href":"https:\/\/modelkars.com\/fr\/wp-json\/wp\/v2\/product_brand?post=103359"},{"taxonomy":"product_cat","embeddable":true,"href":"https:\/\/modelkars.com\/fr\/wp-json\/wp\/v2\/product_cat?post=103359"},{"taxonomy":"product_tag","embeddable":true,"href":"https:\/\/modelkars.com\/fr\/wp-json\/wp\/v2\/product_tag?post=103359"}],"curies":[{"name":"wp","href":"https:\/\/api.w.org\/{rel}","templated":true}]}}