{"id":103357,"date":"2026-04-30T19:47:00","date_gmt":"2026-04-30T17:47:00","guid":{"rendered":"https:\/\/modelkars.com\/?post_type=product&#038;p=103357"},"modified":"2026-04-30T21:10:09","modified_gmt":"2026-04-30T19:10:09","slug":"gt584-s-klub-mercedes-c63s-red-pig-rouge-mars","status":"publish","type":"product","link":"https:\/\/modelkars.com\/fr\/shop\/gt-spirit\/gt584-s-klub-mercedes-c63s-red-pig-rouge-mars\/","title":{"rendered":"S-Klub Mercedes C63s Red Pig"},"content":{"rendered":"","protected":false},"excerpt":{"rendered":"<p>Cette S-Klub C63s est reproduite \u00e0 l&rsquo;\u00e9chelle 1:18 par GT Spirit en r\u00e9sine, dans sa livr\u00e9e rouge Mars. Elle rend hommage \u00e0 la Die Rote Sau (le Cochon Rouge) la Mercedes 300 SEL 6.3 pr\u00e9par\u00e9e par AMG qui avait termin\u00e9 deuxi\u00e8me au g\u00e9n\u00e9ral des 24 Heures de Spa-Francorchamps en 1971, propulsant AMG sur le devant de la sc\u00e8ne. Le pr\u00e9parateur S-Klub LA a transpos\u00e9 cet hommage sur base de C63s, port\u00e9e \u00e0 1 000 chevaux gr\u00e2ce \u00e0 deux turbocompresseurs renforc\u00e9s.<\/p>\n","protected":false},"featured_media":103483,"template":"","meta":{"_seopress_robots_primary_cat":"","_seopress_titles_title":"","_seopress_titles_desc":"","_seopress_robots_index":""},"product_brand":[],"product_cat":[71,163],"product_tag":[84,93,92,85],"class_list":{"0":"post-103357","1":"product","2":"type-product","3":"status-publish","4":"has-post-thumbnail","6":"product_cat-gt-spirit","7":"product_cat-precommandes","8":"product_tag-echelle-118","9":"product_tag-edition-limitee","10":"product_tag-resine","11":"product_tag-sans-ouvrants","13":"first","14":"onbackorder","15":"taxable","16":"shipping-taxable","17":"purchasable","18":"product-type-simple"},"_links":{"self":[{"href":"https:\/\/modelkars.com\/fr\/wp-json\/wp\/v2\/product\/103357","targetHints":{"allow":["GET"]}}],"collection":[{"href":"https:\/\/modelkars.com\/fr\/wp-json\/wp\/v2\/product"}],"about":[{"href":"https:\/\/modelkars.com\/fr\/wp-json\/wp\/v2\/types\/product"}],"wp:featuredmedia":[{"embeddable":true,"href":"https:\/\/modelkars.com\/fr\/wp-json\/wp\/v2\/media\/103483"}],"wp:attachment":[{"href":"https:\/\/modelkars.com\/fr\/wp-json\/wp\/v2\/media?parent=103357"}],"wp:term":[{"taxonomy":"product_brand","embeddable":true,"href":"https:\/\/modelkars.com\/fr\/wp-json\/wp\/v2\/product_brand?post=103357"},{"taxonomy":"product_cat","embeddable":true,"href":"https:\/\/modelkars.com\/fr\/wp-json\/wp\/v2\/product_cat?post=103357"},{"taxonomy":"product_tag","embeddable":true,"href":"https:\/\/modelkars.com\/fr\/wp-json\/wp\/v2\/product_tag?post=103357"}],"curies":[{"name":"wp","href":"https:\/\/api.w.org\/{rel}","templated":true}]}}