{"id":103356,"date":"2026-04-30T19:47:00","date_gmt":"2026-04-30T17:47:00","guid":{"rendered":"https:\/\/modelkars.com\/?post_type=product&#038;p=103356"},"modified":"2026-04-30T21:10:09","modified_gmt":"2026-04-30T19:10:09","slug":"gt974-nissan-gt-r-r35-premium-edition-t-spec-millenium-jade","status":"publish","type":"product","link":"https:\/\/modelkars.com\/fr\/shop\/gt-spirit\/gt974-nissan-gt-r-r35-premium-edition-t-spec-millenium-jade\/","title":{"rendered":"Nissan GT-R (R35) Premium Edition T-Spec"},"content":{"rendered":"","protected":false},"excerpt":{"rendered":"<p>Cette Nissan GT-R (R35) Premium Edition T-Spec de 2024 est reproduite \u00e0 l&rsquo;\u00e9chelle 1:18 par GT Spirit en r\u00e9sine, dans un coloris Millenium Jade. S\u00e9rie limit\u00e9e, ce mod\u00e8le restitue le soin particulier apport\u00e9 \u00e0 la finition T-Spec, dont la pr\u00e9sentation s&rsquo;inspire de la l\u00e9gendaire variante Spec V. Le coloris Millenium Jade constitue un clin d&rsquo;\u0153il direct \u00e0 la R34 GT-R, l&rsquo;une des teintes les plus recherch\u00e9es de l&rsquo;histoire de la gamme Skyline.<\/p>\n","protected":false},"featured_media":103460,"template":"","meta":{"_seopress_robots_primary_cat":"","_seopress_titles_title":"","_seopress_titles_desc":"","_seopress_robots_index":""},"product_brand":[],"product_cat":[71,163],"product_tag":[84,93,92,85],"class_list":{"0":"post-103356","1":"product","2":"type-product","3":"status-publish","4":"has-post-thumbnail","6":"product_cat-gt-spirit","7":"product_cat-precommandes","8":"product_tag-echelle-118","9":"product_tag-edition-limitee","10":"product_tag-resine","11":"product_tag-sans-ouvrants","13":"first","14":"onbackorder","15":"taxable","16":"shipping-taxable","17":"purchasable","18":"product-type-simple"},"_links":{"self":[{"href":"https:\/\/modelkars.com\/fr\/wp-json\/wp\/v2\/product\/103356","targetHints":{"allow":["GET"]}}],"collection":[{"href":"https:\/\/modelkars.com\/fr\/wp-json\/wp\/v2\/product"}],"about":[{"href":"https:\/\/modelkars.com\/fr\/wp-json\/wp\/v2\/types\/product"}],"wp:featuredmedia":[{"embeddable":true,"href":"https:\/\/modelkars.com\/fr\/wp-json\/wp\/v2\/media\/103460"}],"wp:attachment":[{"href":"https:\/\/modelkars.com\/fr\/wp-json\/wp\/v2\/media?parent=103356"}],"wp:term":[{"taxonomy":"product_brand","embeddable":true,"href":"https:\/\/modelkars.com\/fr\/wp-json\/wp\/v2\/product_brand?post=103356"},{"taxonomy":"product_cat","embeddable":true,"href":"https:\/\/modelkars.com\/fr\/wp-json\/wp\/v2\/product_cat?post=103356"},{"taxonomy":"product_tag","embeddable":true,"href":"https:\/\/modelkars.com\/fr\/wp-json\/wp\/v2\/product_tag?post=103356"}],"curies":[{"name":"wp","href":"https:\/\/api.w.org\/{rel}","templated":true}]}}