{"id":103354,"date":"2026-04-30T19:47:00","date_gmt":"2026-04-30T17:47:00","guid":{"rendered":"https:\/\/modelkars.com\/?post_type=product&#038;p=103354"},"modified":"2026-05-01T12:59:47","modified_gmt":"2026-05-01T10:59:47","slug":"gt977-mclaren-f1-mansour-orange","status":"publish","type":"product","link":"https:\/\/modelkars.com\/fr\/shop\/gt-spirit\/gt977-mclaren-f1-mansour-orange\/","title":{"rendered":"McLaren F1"},"content":{"rendered":"","protected":false},"excerpt":{"rendered":"<p>Cette McLaren F1 de 1992 est reproduite \u00e0 l&rsquo;\u00e9chelle 1:18 par GT Spirit en r\u00e9sine, dans un coloris Mansour Orange. S\u00e9rie limit\u00e9e, elle rend hommage \u00e0 la teinte exclusive port\u00e9e par le dernier ch\u00e2ssis F1 de la collection personnelle de Mansour Ojjeh, co-fondateur de McLaren Automotive. La couleur, initialement nomm\u00e9e Yquem en r\u00e9f\u00e9rence au c\u00e9l\u00e8bre vin de Bordeaux, fut rebaptis\u00e9e Mansour Orange par McLaren, qui l&rsquo;a r\u00e9serv\u00e9e \u00e0 son usage exclusif.<\/p>\n","protected":false},"featured_media":103434,"template":"","meta":{"_seopress_robots_primary_cat":"","_seopress_titles_title":"","_seopress_titles_desc":"","_seopress_robots_index":""},"product_brand":[],"product_cat":[71,163],"product_tag":[84,93,92,85],"class_list":{"0":"post-103354","1":"product","2":"type-product","3":"status-publish","4":"has-post-thumbnail","6":"product_cat-gt-spirit","7":"product_cat-precommandes","8":"product_tag-echelle-118","9":"product_tag-edition-limitee","10":"product_tag-resine","11":"product_tag-sans-ouvrants","13":"first","14":"onbackorder","15":"taxable","16":"shipping-taxable","17":"purchasable","18":"product-type-simple"},"_links":{"self":[{"href":"https:\/\/modelkars.com\/fr\/wp-json\/wp\/v2\/product\/103354","targetHints":{"allow":["GET"]}}],"collection":[{"href":"https:\/\/modelkars.com\/fr\/wp-json\/wp\/v2\/product"}],"about":[{"href":"https:\/\/modelkars.com\/fr\/wp-json\/wp\/v2\/types\/product"}],"wp:featuredmedia":[{"embeddable":true,"href":"https:\/\/modelkars.com\/fr\/wp-json\/wp\/v2\/media\/103434"}],"wp:attachment":[{"href":"https:\/\/modelkars.com\/fr\/wp-json\/wp\/v2\/media?parent=103354"}],"wp:term":[{"taxonomy":"product_brand","embeddable":true,"href":"https:\/\/modelkars.com\/fr\/wp-json\/wp\/v2\/product_brand?post=103354"},{"taxonomy":"product_cat","embeddable":true,"href":"https:\/\/modelkars.com\/fr\/wp-json\/wp\/v2\/product_cat?post=103354"},{"taxonomy":"product_tag","embeddable":true,"href":"https:\/\/modelkars.com\/fr\/wp-json\/wp\/v2\/product_tag?post=103354"}],"curies":[{"name":"wp","href":"https:\/\/api.w.org\/{rel}","templated":true}]}}