{"id":103353,"date":"2026-04-30T19:47:00","date_gmt":"2026-04-30T17:47:00","guid":{"rendered":"https:\/\/modelkars.com\/?post_type=product&#038;p=103353"},"modified":"2026-05-01T02:33:32","modified_gmt":"2026-05-01T00:33:32","slug":"gt1010-porsche-911-992-1-gt3-r-rennsport-blanc","status":"publish","type":"product","link":"https:\/\/modelkars.com\/fr\/shop\/gt-spirit\/gt1010-porsche-911-992-1-gt3-r-rennsport-blanc\/","title":{"rendered":"Porsche 911 (992.1) GT3 R Rennsport"},"content":{"rendered":"","protected":false},"excerpt":{"rendered":"<p>Cette Porsche 911 (992.1) GT3 R Rennsport de 2023 est reproduite \u00e0 l&rsquo;\u00e9chelle 1:18 par GT Spirit en r\u00e9sine, dans un coloris blanc. S\u00e9rie limit\u00e9e, ce mod\u00e8le repr\u00e9sente la version track-day ultime de la 992, anim\u00e9e par le moteur 4.2L \u00e0 plat d\u00e9velopp\u00e9 pour la comp\u00e9tition, capable de monter \u00e0 plus de 9 000 tr\/min. Dans la r\u00e9alit\u00e9, la GT3 R Rennsport a \u00e9t\u00e9 limit\u00e9e \u00e0 99 exemplaires dans le monde, destin\u00e9e aux pilotes clients souhaitant conduire une voiture de course pure sur circuit.<\/p>\n","protected":false},"featured_media":103411,"template":"","meta":{"_seopress_robots_primary_cat":"","_seopress_titles_title":"","_seopress_titles_desc":"","_seopress_robots_index":""},"product_brand":[],"product_cat":[71,163],"product_tag":[84,93,92,85],"class_list":{"0":"post-103353","1":"product","2":"type-product","3":"status-publish","4":"has-post-thumbnail","6":"product_cat-gt-spirit","7":"product_cat-precommandes","8":"product_tag-echelle-118","9":"product_tag-edition-limitee","10":"product_tag-resine","11":"product_tag-sans-ouvrants","13":"first","14":"onbackorder","15":"taxable","16":"shipping-taxable","17":"purchasable","18":"product-type-simple"},"_links":{"self":[{"href":"https:\/\/modelkars.com\/fr\/wp-json\/wp\/v2\/product\/103353","targetHints":{"allow":["GET"]}}],"collection":[{"href":"https:\/\/modelkars.com\/fr\/wp-json\/wp\/v2\/product"}],"about":[{"href":"https:\/\/modelkars.com\/fr\/wp-json\/wp\/v2\/types\/product"}],"wp:featuredmedia":[{"embeddable":true,"href":"https:\/\/modelkars.com\/fr\/wp-json\/wp\/v2\/media\/103411"}],"wp:attachment":[{"href":"https:\/\/modelkars.com\/fr\/wp-json\/wp\/v2\/media?parent=103353"}],"wp:term":[{"taxonomy":"product_brand","embeddable":true,"href":"https:\/\/modelkars.com\/fr\/wp-json\/wp\/v2\/product_brand?post=103353"},{"taxonomy":"product_cat","embeddable":true,"href":"https:\/\/modelkars.com\/fr\/wp-json\/wp\/v2\/product_cat?post=103353"},{"taxonomy":"product_tag","embeddable":true,"href":"https:\/\/modelkars.com\/fr\/wp-json\/wp\/v2\/product_tag?post=103353"}],"curies":[{"name":"wp","href":"https:\/\/api.w.org\/{rel}","templated":true}]}}