{"id":103352,"date":"2026-04-30T19:47:00","date_gmt":"2026-04-30T17:47:00","guid":{"rendered":"https:\/\/modelkars.com\/?post_type=product&#038;p=103352"},"modified":"2026-05-01T05:12:55","modified_gmt":"2026-05-01T03:12:55","slug":"gt962-porsche-911-991-2-gt2-rs-miami-blue","status":"publish","type":"product","link":"https:\/\/modelkars.com\/fr\/shop\/gt-spirit\/gt962-porsche-911-991-2-gt2-rs-miami-blue\/","title":{"rendered":"Porsche 911 (991.2) GT2 RS"},"content":{"rendered":"","protected":false},"excerpt":{"rendered":"<p>Cette Porsche 911 (991.2) GT2 RS de 2018 est reproduite \u00e0 l&rsquo;\u00e9chelle 1:12 par GT Spirit en r\u00e9sine, dans un coloris Miami Blue. S\u00e9rie limit\u00e9e, ce mod\u00e8le capte l&rsquo;essence du GT2 RS, version extr\u00eame de la 911 \u00e0 propulsion d\u00e9veloppant 700 chevaux gr\u00e2ce \u00e0 son flat-six biturbo de 3.8L. En 2017, ce m\u00eame mod\u00e8le a \u00e9tabli un record au N\u00fcrburgring avec un temps de 6 minutes et 47,3 secondes, surpassant plusieurs hypercars de l&rsquo;\u00e9poque.<\/p>\n","protected":false},"featured_media":103388,"template":"","meta":{"_seopress_robots_primary_cat":"","_seopress_titles_title":"","_seopress_titles_desc":"","_seopress_robots_index":""},"product_brand":[],"product_cat":[71,163],"product_tag":[188,93,92,85],"class_list":{"0":"post-103352","1":"product","2":"type-product","3":"status-publish","4":"has-post-thumbnail","6":"product_cat-gt-spirit","7":"product_cat-precommandes","8":"product_tag-echelle-112","9":"product_tag-edition-limitee","10":"product_tag-resine","11":"product_tag-sans-ouvrants","13":"first","14":"onbackorder","15":"taxable","16":"shipping-taxable","17":"purchasable","18":"product-type-simple"},"_links":{"self":[{"href":"https:\/\/modelkars.com\/fr\/wp-json\/wp\/v2\/product\/103352","targetHints":{"allow":["GET"]}}],"collection":[{"href":"https:\/\/modelkars.com\/fr\/wp-json\/wp\/v2\/product"}],"about":[{"href":"https:\/\/modelkars.com\/fr\/wp-json\/wp\/v2\/types\/product"}],"wp:featuredmedia":[{"embeddable":true,"href":"https:\/\/modelkars.com\/fr\/wp-json\/wp\/v2\/media\/103388"}],"wp:attachment":[{"href":"https:\/\/modelkars.com\/fr\/wp-json\/wp\/v2\/media?parent=103352"}],"wp:term":[{"taxonomy":"product_brand","embeddable":true,"href":"https:\/\/modelkars.com\/fr\/wp-json\/wp\/v2\/product_brand?post=103352"},{"taxonomy":"product_cat","embeddable":true,"href":"https:\/\/modelkars.com\/fr\/wp-json\/wp\/v2\/product_cat?post=103352"},{"taxonomy":"product_tag","embeddable":true,"href":"https:\/\/modelkars.com\/fr\/wp-json\/wp\/v2\/product_tag?post=103352"}],"curies":[{"name":"wp","href":"https:\/\/api.w.org\/{rel}","templated":true}]}}