{"id":103351,"date":"2026-04-30T19:46:59","date_gmt":"2026-04-30T17:46:59","guid":{"rendered":"https:\/\/modelkars.com\/?post_type=product&#038;p=103351"},"modified":"2026-04-30T21:10:10","modified_gmt":"2026-04-30T19:10:10","slug":"gt978-jaguar-e-type-opalescent-silver-blue","status":"publish","type":"product","link":"https:\/\/modelkars.com\/fr\/shop\/gt-spirit\/gt978-jaguar-e-type-opalescent-silver-blue\/","title":{"rendered":"Jaguar E-Type"},"content":{"rendered":"","protected":false},"excerpt":{"rendered":"<p>Ce mod\u00e8le \u00e0 l&rsquo;\u00e9chelle 1:12 reproduit la Jaguar E-Type de 1961 dans le coloris Opalescent Silver Blue. Fabriqu\u00e9 par GT Spirit en r\u00e9sine et produit en s\u00e9rie limit\u00e9e, il restitue les lignes soigneusement \u00e9tudi\u00e9es de l&rsquo;un des v\u00e9hicules les plus admir\u00e9s de l&rsquo;histoire. Lors de sa pr\u00e9sentation au Salon de Gen\u00e8ve en mars 1961, Enzo Ferrari aurait d\u00e9crit l&rsquo;E-Type comme la plus belle voiture jamais construite.<\/p>\n","protected":false},"featured_media":103385,"template":"","meta":{"_seopress_robots_primary_cat":"","_seopress_titles_title":"","_seopress_titles_desc":"","_seopress_robots_index":""},"product_brand":[],"product_cat":[71,163],"product_tag":[188,93,92,85],"class_list":{"0":"post-103351","1":"product","2":"type-product","3":"status-publish","4":"has-post-thumbnail","6":"product_cat-gt-spirit","7":"product_cat-precommandes","8":"product_tag-echelle-112","9":"product_tag-edition-limitee","10":"product_tag-resine","11":"product_tag-sans-ouvrants","13":"first","14":"onbackorder","15":"taxable","16":"shipping-taxable","17":"purchasable","18":"product-type-simple"},"_links":{"self":[{"href":"https:\/\/modelkars.com\/fr\/wp-json\/wp\/v2\/product\/103351","targetHints":{"allow":["GET"]}}],"collection":[{"href":"https:\/\/modelkars.com\/fr\/wp-json\/wp\/v2\/product"}],"about":[{"href":"https:\/\/modelkars.com\/fr\/wp-json\/wp\/v2\/types\/product"}],"wp:featuredmedia":[{"embeddable":true,"href":"https:\/\/modelkars.com\/fr\/wp-json\/wp\/v2\/media\/103385"}],"wp:attachment":[{"href":"https:\/\/modelkars.com\/fr\/wp-json\/wp\/v2\/media?parent=103351"}],"wp:term":[{"taxonomy":"product_brand","embeddable":true,"href":"https:\/\/modelkars.com\/fr\/wp-json\/wp\/v2\/product_brand?post=103351"},{"taxonomy":"product_cat","embeddable":true,"href":"https:\/\/modelkars.com\/fr\/wp-json\/wp\/v2\/product_cat?post=103351"},{"taxonomy":"product_tag","embeddable":true,"href":"https:\/\/modelkars.com\/fr\/wp-json\/wp\/v2\/product_tag?post=103351"}],"curies":[{"name":"wp","href":"https:\/\/api.w.org\/{rel}","templated":true}]}}