{"id":103350,"date":"2026-04-30T19:46:59","date_gmt":"2026-04-30T17:46:59","guid":{"rendered":"https:\/\/modelkars.com\/?post_type=product&#038;p=103350"},"modified":"2026-04-30T21:10:10","modified_gmt":"2026-04-30T19:10:10","slug":"gts801202-renault-clio-16s-rouge-vif","status":"publish","type":"product","link":"https:\/\/modelkars.com\/fr\/shop\/gt-spirit\/gts801202-renault-clio-16s-rouge-vif\/","title":{"rendered":"Renault Clio 16S"},"content":{"rendered":"","protected":false},"excerpt":{"rendered":"<p>Ce mod\u00e8le \u00e0 l&rsquo;\u00e9chelle 1:8\u00e8me reproduit la Renault Clio 16S de 1991 dans un coloris Rouge Vif. R\u00e9alis\u00e9 par GT Spirit en r\u00e9sine, il repose sur un socle et est pr\u00e9sent\u00e9 sous vitrine. La Clio 16S \u00e9tait la version haute performance de la premi\u00e8re g\u00e9n\u00e9ration, anim\u00e9e par un moteur 1.8L F7P d\u00e9veloppant 137 chevaux. Elle a directement ouvert la voie \u00e0 la l\u00e9gendaire Clio Williams, d\u00e9velopp\u00e9e en collaboration avec l&rsquo;\u00e9curie de Formule 1 pour l&rsquo;homologation en comp\u00e9tition tourisme.<\/p>\n","protected":false},"featured_media":103382,"template":"","meta":{"_seopress_robots_primary_cat":"","_seopress_titles_title":"","_seopress_titles_desc":"","_seopress_robots_index":""},"product_brand":[],"product_cat":[71,163],"product_tag":[189,93,92,85,86,323],"class_list":{"0":"post-103350","1":"product","2":"type-product","3":"status-publish","4":"has-post-thumbnail","6":"product_cat-gt-spirit","7":"product_cat-precommandes","8":"product_tag-echelle-18","9":"product_tag-edition-limitee","10":"product_tag-resine","11":"product_tag-sans-ouvrants","12":"product_tag-socle-inclus","13":"product_tag-vitrine-incluse","15":"first","16":"onbackorder","17":"taxable","18":"shipping-taxable","19":"purchasable","20":"product-type-simple"},"_links":{"self":[{"href":"https:\/\/modelkars.com\/fr\/wp-json\/wp\/v2\/product\/103350","targetHints":{"allow":["GET"]}}],"collection":[{"href":"https:\/\/modelkars.com\/fr\/wp-json\/wp\/v2\/product"}],"about":[{"href":"https:\/\/modelkars.com\/fr\/wp-json\/wp\/v2\/types\/product"}],"wp:featuredmedia":[{"embeddable":true,"href":"https:\/\/modelkars.com\/fr\/wp-json\/wp\/v2\/media\/103382"}],"wp:attachment":[{"href":"https:\/\/modelkars.com\/fr\/wp-json\/wp\/v2\/media?parent=103350"}],"wp:term":[{"taxonomy":"product_brand","embeddable":true,"href":"https:\/\/modelkars.com\/fr\/wp-json\/wp\/v2\/product_brand?post=103350"},{"taxonomy":"product_cat","embeddable":true,"href":"https:\/\/modelkars.com\/fr\/wp-json\/wp\/v2\/product_cat?post=103350"},{"taxonomy":"product_tag","embeddable":true,"href":"https:\/\/modelkars.com\/fr\/wp-json\/wp\/v2\/product_tag?post=103350"}],"curies":[{"name":"wp","href":"https:\/\/api.w.org\/{rel}","templated":true}]}}