{"id":103349,"date":"2026-04-30T19:46:59","date_gmt":"2026-04-30T17:46:59","guid":{"rendered":"https:\/\/modelkars.com\/?post_type=product&#038;p=103349"},"modified":"2026-04-30T21:10:10","modified_gmt":"2026-04-30T19:10:10","slug":"gts802501-porsche-356-b-1600-super-ivory","status":"publish","type":"product","link":"https:\/\/modelkars.com\/fr\/shop\/gt-spirit\/gts802501-porsche-356-b-1600-super-ivory\/","title":{"rendered":"Porsche 356 B 1600 Super"},"content":{"rendered":"","protected":false},"excerpt":{"rendered":"<p>Cette r\u00e9plique \u00e0 l&rsquo;\u00e9chelle 1:8\u00e8me de la Porsche 356 B 1600 Super reproduit le coup\u00e9 de 1962 dans un coloris Ivory. Fabriqu\u00e9 par GT Spirit en r\u00e9sine et pr\u00e9sent\u00e9 sur socle sous vitrine, ce mod\u00e8le de grande dimension s&rsquo;impose comme une pi\u00e8ce de collection \u00e0 part enti\u00e8re. La 356 B repr\u00e9sentait une \u00e9volution significative de la lign\u00e9e 356, introduite en 1959 avec une calandre remani\u00e9e et un habitacle am\u00e9lior\u00e9. La variante 1600 Super d\u00e9veloppait 75 chevaux, soit quinze de plus que la version 1600 standard de l&rsquo;\u00e9poque.<\/p>\n","protected":false},"featured_media":103379,"template":"","meta":{"_seopress_robots_primary_cat":"","_seopress_titles_title":"","_seopress_titles_desc":"","_seopress_robots_index":""},"product_brand":[],"product_cat":[71,163],"product_tag":[189,93,92,85,86,323],"class_list":{"0":"post-103349","1":"product","2":"type-product","3":"status-publish","4":"has-post-thumbnail","6":"product_cat-gt-spirit","7":"product_cat-precommandes","8":"product_tag-echelle-18","9":"product_tag-edition-limitee","10":"product_tag-resine","11":"product_tag-sans-ouvrants","12":"product_tag-socle-inclus","13":"product_tag-vitrine-incluse","15":"first","16":"onbackorder","17":"taxable","18":"shipping-taxable","19":"purchasable","20":"product-type-simple"},"_links":{"self":[{"href":"https:\/\/modelkars.com\/fr\/wp-json\/wp\/v2\/product\/103349","targetHints":{"allow":["GET"]}}],"collection":[{"href":"https:\/\/modelkars.com\/fr\/wp-json\/wp\/v2\/product"}],"about":[{"href":"https:\/\/modelkars.com\/fr\/wp-json\/wp\/v2\/types\/product"}],"wp:featuredmedia":[{"embeddable":true,"href":"https:\/\/modelkars.com\/fr\/wp-json\/wp\/v2\/media\/103379"}],"wp:attachment":[{"href":"https:\/\/modelkars.com\/fr\/wp-json\/wp\/v2\/media?parent=103349"}],"wp:term":[{"taxonomy":"product_brand","embeddable":true,"href":"https:\/\/modelkars.com\/fr\/wp-json\/wp\/v2\/product_brand?post=103349"},{"taxonomy":"product_cat","embeddable":true,"href":"https:\/\/modelkars.com\/fr\/wp-json\/wp\/v2\/product_cat?post=103349"},{"taxonomy":"product_tag","embeddable":true,"href":"https:\/\/modelkars.com\/fr\/wp-json\/wp\/v2\/product_tag?post=103349"}],"curies":[{"name":"wp","href":"https:\/\/api.w.org\/{rel}","templated":true}]}}