{"id":102068,"date":"2026-03-14T00:00:01","date_gmt":"2026-03-13T23:00:01","guid":{"rendered":"https:\/\/modelkars.com\/?post_type=product&#038;p=102068"},"modified":"2026-03-31T22:22:04","modified_gmt":"2026-03-31T20:22:04","slug":"p18281d-ferrari-amalfi-spider-azzurro-la-plata","status":"publish","type":"product","link":"https:\/\/modelkars.com\/fr\/shop\/bbr\/p18281d-ferrari-amalfi-spider-azzurro-la-plata\/","title":{"rendered":"Ferrari Amalfi Spider"},"content":{"rendered":"","protected":false},"excerpt":{"rendered":"<p>La Ferrari Amalfi Spider \u00e0 l&rsquo;\u00e9chelle 1:18 est ici interpr\u00e9t\u00e9e par BBR en r\u00e9sine dans un coloris Azzurro La Plata, un bleu clair et raffin\u00e9 qui s&rsquo;accorde naturellement \u00e0 la vocation open-air du mod\u00e8le. Socle en cuir frapp\u00e9 du logo Amalfi Spider, s\u00e9rie limit\u00e9e num\u00e9rot\u00e9e.<\/p>\n","protected":false},"featured_media":102084,"template":"","meta":{"_seopress_robots_primary_cat":"","_seopress_titles_title":"","_seopress_titles_desc":"","_seopress_robots_index":""},"product_brand":[],"product_cat":[315,163],"product_tag":[84,93,92,85,86],"class_list":{"0":"post-102068","1":"product","2":"type-product","3":"status-publish","4":"has-post-thumbnail","6":"product_cat-bbr","7":"product_cat-precommandes","8":"product_tag-echelle-118","9":"product_tag-edition-limitee","10":"product_tag-resine","11":"product_tag-sans-ouvrants","12":"product_tag-socle-inclus","14":"first","15":"instock","16":"taxable","17":"shipping-taxable","18":"purchasable","19":"product-type-simple"},"_links":{"self":[{"href":"https:\/\/modelkars.com\/fr\/wp-json\/wp\/v2\/product\/102068","targetHints":{"allow":["GET"]}}],"collection":[{"href":"https:\/\/modelkars.com\/fr\/wp-json\/wp\/v2\/product"}],"about":[{"href":"https:\/\/modelkars.com\/fr\/wp-json\/wp\/v2\/types\/product"}],"wp:featuredmedia":[{"embeddable":true,"href":"https:\/\/modelkars.com\/fr\/wp-json\/wp\/v2\/media\/102084"}],"wp:attachment":[{"href":"https:\/\/modelkars.com\/fr\/wp-json\/wp\/v2\/media?parent=102068"}],"wp:term":[{"taxonomy":"product_brand","embeddable":true,"href":"https:\/\/modelkars.com\/fr\/wp-json\/wp\/v2\/product_brand?post=102068"},{"taxonomy":"product_cat","embeddable":true,"href":"https:\/\/modelkars.com\/fr\/wp-json\/wp\/v2\/product_cat?post=102068"},{"taxonomy":"product_tag","embeddable":true,"href":"https:\/\/modelkars.com\/fr\/wp-json\/wp\/v2\/product_tag?post=102068"}],"curies":[{"name":"wp","href":"https:\/\/api.w.org\/{rel}","templated":true}]}}