{"id":102064,"date":"2026-03-14T00:00:01","date_gmt":"2026-03-13T23:00:01","guid":{"rendered":"https:\/\/modelkars.com\/?post_type=product&#038;p=102064"},"modified":"2026-03-31T22:22:03","modified_gmt":"2026-03-31T20:22:03","slug":"p18281f-ferrari-amalfi-spider-grigio-silverstone-matt","status":"publish","type":"product","link":"https:\/\/modelkars.com\/fr\/shop\/bbr\/p18281f-ferrari-amalfi-spider-grigio-silverstone-matt\/","title":{"rendered":"Ferrari Amalfi Spider"},"content":{"rendered":"","protected":false},"excerpt":{"rendered":"<p>Cette Ferrari Amalfi Spider \u00e0 l&rsquo;\u00e9chelle 1:18 est r\u00e9alis\u00e9e par BBR en r\u00e9sine dans un coloris Grigio Silverstone mate, une teinte qui accentue la puret\u00e9 des lignes de la carrosserie. Le mod\u00e8le est pos\u00e9 sur un socle en cuir frapp\u00e9 du logo Amalfi Spider. S\u00e9rie limit\u00e9e num\u00e9rot\u00e9e.<\/p>\n","protected":false},"featured_media":102081,"template":"","meta":{"_seopress_robots_primary_cat":"","_seopress_titles_title":"","_seopress_titles_desc":"","_seopress_robots_index":""},"product_brand":[],"product_cat":[315,163],"product_tag":[84,93,92,85,86],"class_list":{"0":"post-102064","1":"product","2":"type-product","3":"status-publish","4":"has-post-thumbnail","6":"product_cat-bbr","7":"product_cat-precommandes","8":"product_tag-echelle-118","9":"product_tag-edition-limitee","10":"product_tag-resine","11":"product_tag-sans-ouvrants","12":"product_tag-socle-inclus","14":"first","15":"instock","16":"taxable","17":"shipping-taxable","18":"purchasable","19":"product-type-simple"},"_links":{"self":[{"href":"https:\/\/modelkars.com\/fr\/wp-json\/wp\/v2\/product\/102064","targetHints":{"allow":["GET"]}}],"collection":[{"href":"https:\/\/modelkars.com\/fr\/wp-json\/wp\/v2\/product"}],"about":[{"href":"https:\/\/modelkars.com\/fr\/wp-json\/wp\/v2\/types\/product"}],"wp:featuredmedia":[{"embeddable":true,"href":"https:\/\/modelkars.com\/fr\/wp-json\/wp\/v2\/media\/102081"}],"wp:attachment":[{"href":"https:\/\/modelkars.com\/fr\/wp-json\/wp\/v2\/media?parent=102064"}],"wp:term":[{"taxonomy":"product_brand","embeddable":true,"href":"https:\/\/modelkars.com\/fr\/wp-json\/wp\/v2\/product_brand?post=102064"},{"taxonomy":"product_cat","embeddable":true,"href":"https:\/\/modelkars.com\/fr\/wp-json\/wp\/v2\/product_cat?post=102064"},{"taxonomy":"product_tag","embeddable":true,"href":"https:\/\/modelkars.com\/fr\/wp-json\/wp\/v2\/product_tag?post=102064"}],"curies":[{"name":"wp","href":"https:\/\/api.w.org\/{rel}","templated":true}]}}