{"id":101916,"date":"2026-03-14T20:57:05","date_gmt":"2026-03-14T19:57:05","guid":{"rendered":"https:\/\/modelkars.com\/?post_type=product&#038;p=101916"},"modified":"2026-04-12T16:29:37","modified_gmt":"2026-04-12T14:29:37","slug":"fe051se2-ferrari-amalfi-spider-rosso-magma","status":"publish","type":"product","link":"https:\/\/modelkars.com\/fr\/shop\/mr-collection\/fe051se2-ferrari-amalfi-spider-rosso-magma\/","title":{"rendered":"Ferrari Amalfi Spider"},"content":{"rendered":"","protected":false},"excerpt":{"rendered":"<p>Cette Ferrari Amalfi Spider \u00e0 l&rsquo;\u00e9chelle 1:18 est reproduite par MR Collection en r\u00e9sine, dans le coloris Rosso Magma. Limit\u00e9e \u00e0 seulement 49 exemplaires, cette \u00e9dition exclusive est pr\u00e9sent\u00e9e sur socle avec vitrine. Le V8 biturbo de l&rsquo;Amalfi Spider est issu de la famille F154, la lign\u00e9e de moteurs la plus prim\u00e9e de l&rsquo;histoire r\u00e9cente de Ferrari.<\/p>\n","protected":false},"featured_media":102021,"template":"","meta":{"_seopress_robots_primary_cat":"","_seopress_titles_title":"","_seopress_titles_desc":"","_seopress_robots_index":""},"product_brand":[],"product_cat":[95,163],"product_tag":[84,93,92,85,86,323],"class_list":{"0":"post-101916","1":"product","2":"type-product","3":"status-publish","4":"has-post-thumbnail","6":"product_cat-mr-collection","7":"product_cat-precommandes","8":"product_tag-echelle-118","9":"product_tag-edition-limitee","10":"product_tag-resine","11":"product_tag-sans-ouvrants","12":"product_tag-socle-inclus","13":"product_tag-vitrine-incluse","15":"first","16":"outofstock","17":"taxable","18":"shipping-taxable","19":"purchasable","20":"product-type-simple"},"_links":{"self":[{"href":"https:\/\/modelkars.com\/fr\/wp-json\/wp\/v2\/product\/101916","targetHints":{"allow":["GET"]}}],"collection":[{"href":"https:\/\/modelkars.com\/fr\/wp-json\/wp\/v2\/product"}],"about":[{"href":"https:\/\/modelkars.com\/fr\/wp-json\/wp\/v2\/types\/product"}],"wp:featuredmedia":[{"embeddable":true,"href":"https:\/\/modelkars.com\/fr\/wp-json\/wp\/v2\/media\/102021"}],"wp:attachment":[{"href":"https:\/\/modelkars.com\/fr\/wp-json\/wp\/v2\/media?parent=101916"}],"wp:term":[{"taxonomy":"product_brand","embeddable":true,"href":"https:\/\/modelkars.com\/fr\/wp-json\/wp\/v2\/product_brand?post=101916"},{"taxonomy":"product_cat","embeddable":true,"href":"https:\/\/modelkars.com\/fr\/wp-json\/wp\/v2\/product_cat?post=101916"},{"taxonomy":"product_tag","embeddable":true,"href":"https:\/\/modelkars.com\/fr\/wp-json\/wp\/v2\/product_tag?post=101916"}],"curies":[{"name":"wp","href":"https:\/\/api.w.org\/{rel}","templated":true}]}}