{"id":101914,"date":"2026-03-14T20:57:05","date_gmt":"2026-03-14T19:57:05","guid":{"rendered":"https:\/\/modelkars.com\/?post_type=product&#038;p=101914"},"modified":"2026-03-31T22:22:02","modified_gmt":"2026-03-31T20:22:02","slug":"fe051d-ferrari-amalfi-spider-azzurro-la-plata","status":"publish","type":"product","link":"https:\/\/modelkars.com\/fr\/shop\/mr-collection\/fe051d-ferrari-amalfi-spider-azzurro-la-plata\/","title":{"rendered":"Ferrari Amalfi Spider"},"content":{"rendered":"","protected":false},"excerpt":{"rendered":"<p>Cette Ferrari Amalfi Spider \u00e0 l&rsquo;\u00e9chelle 1:18 est reproduite par MR Collection en r\u00e9sine, dans le coloris Azzurro La Plata. L&rsquo;Amalfi Spider s&rsquo;inscrit dans une lign\u00e9e de GT Ferrari \u00e0 moteur V8 avant remontant \u00e0 la California de 2008, dont chaque g\u00e9n\u00e9ration a conserv\u00e9 ce positionnement entre performance et polyvalence quotidienne. Ce mod\u00e8le est pr\u00e9sent\u00e9 sur socle avec vitrine et produit en s\u00e9rie limit\u00e9e.<\/p>\n","protected":false},"featured_media":102020,"template":"","meta":{"_seopress_robots_primary_cat":"","_seopress_titles_title":"","_seopress_titles_desc":"","_seopress_robots_index":""},"product_brand":[],"product_cat":[95,163],"product_tag":[84,93,92,85,86,323],"class_list":{"0":"post-101914","1":"product","2":"type-product","3":"status-publish","4":"has-post-thumbnail","6":"product_cat-mr-collection","7":"product_cat-precommandes","8":"product_tag-echelle-118","9":"product_tag-edition-limitee","10":"product_tag-resine","11":"product_tag-sans-ouvrants","12":"product_tag-socle-inclus","13":"product_tag-vitrine-incluse","15":"first","16":"instock","17":"taxable","18":"shipping-taxable","19":"purchasable","20":"product-type-simple"},"_links":{"self":[{"href":"https:\/\/modelkars.com\/fr\/wp-json\/wp\/v2\/product\/101914","targetHints":{"allow":["GET"]}}],"collection":[{"href":"https:\/\/modelkars.com\/fr\/wp-json\/wp\/v2\/product"}],"about":[{"href":"https:\/\/modelkars.com\/fr\/wp-json\/wp\/v2\/types\/product"}],"wp:featuredmedia":[{"embeddable":true,"href":"https:\/\/modelkars.com\/fr\/wp-json\/wp\/v2\/media\/102020"}],"wp:attachment":[{"href":"https:\/\/modelkars.com\/fr\/wp-json\/wp\/v2\/media?parent=101914"}],"wp:term":[{"taxonomy":"product_brand","embeddable":true,"href":"https:\/\/modelkars.com\/fr\/wp-json\/wp\/v2\/product_brand?post=101914"},{"taxonomy":"product_cat","embeddable":true,"href":"https:\/\/modelkars.com\/fr\/wp-json\/wp\/v2\/product_cat?post=101914"},{"taxonomy":"product_tag","embeddable":true,"href":"https:\/\/modelkars.com\/fr\/wp-json\/wp\/v2\/product_tag?post=101914"}],"curies":[{"name":"wp","href":"https:\/\/api.w.org\/{rel}","templated":true}]}}