{"id":101911,"date":"2026-03-14T20:57:04","date_gmt":"2026-03-14T19:57:04","guid":{"rendered":"https:\/\/modelkars.com\/?post_type=product&#038;p=101911"},"modified":"2026-03-31T22:22:03","modified_gmt":"2026-03-31T20:22:03","slug":"fe051a-ferrari-amalfi-spider-rosso-tramonto","status":"publish","type":"product","link":"https:\/\/modelkars.com\/fr\/shop\/mr-collection\/fe051a-ferrari-amalfi-spider-rosso-tramonto\/","title":{"rendered":"Ferrari Amalfi Spider"},"content":{"rendered":"","protected":false},"excerpt":{"rendered":"<p>Cette Ferrari Amalfi Spider \u00e0 l&rsquo;\u00e9chelle 1:18 est reproduite par MR Collection en r\u00e9sine, dans le coloris Rosso Tramonto. Cette teinte orange-ros\u00e9, cr\u00e9\u00e9e sp\u00e9cialement pour le lancement du spider, \u00e9voque les nuances du ciel au-dessus de la c\u00f4te amalfitaine au coucher du soleil \u2014 et constitue la couleur embl\u00e9matique de cette version cabriolet. H\u00e9riti\u00e8re directe de la Roma Spider, l&rsquo;Amalfi Spider embarque le V8 biturbo de 3,9 litres de la famille F154, le moteur le plus prim\u00e9 de l&rsquo;histoire r\u00e9cente de Ferrari, pour une puissance de 640 chevaux. Ce mod\u00e8le est pr\u00e9sent\u00e9 sur socle avec vitrine et produit en s\u00e9rie limit\u00e9e.<\/p>\n","protected":false},"featured_media":102004,"template":"","meta":{"_seopress_robots_primary_cat":"","_seopress_titles_title":"","_seopress_titles_desc":"","_seopress_robots_index":""},"product_brand":[],"product_cat":[95,163],"product_tag":[84,93,92,85,86,323],"class_list":{"0":"post-101911","1":"product","2":"type-product","3":"status-publish","4":"has-post-thumbnail","6":"product_cat-mr-collection","7":"product_cat-precommandes","8":"product_tag-echelle-118","9":"product_tag-edition-limitee","10":"product_tag-resine","11":"product_tag-sans-ouvrants","12":"product_tag-socle-inclus","13":"product_tag-vitrine-incluse","15":"first","16":"instock","17":"taxable","18":"shipping-taxable","19":"purchasable","20":"product-type-simple"},"_links":{"self":[{"href":"https:\/\/modelkars.com\/fr\/wp-json\/wp\/v2\/product\/101911","targetHints":{"allow":["GET"]}}],"collection":[{"href":"https:\/\/modelkars.com\/fr\/wp-json\/wp\/v2\/product"}],"about":[{"href":"https:\/\/modelkars.com\/fr\/wp-json\/wp\/v2\/types\/product"}],"wp:featuredmedia":[{"embeddable":true,"href":"https:\/\/modelkars.com\/fr\/wp-json\/wp\/v2\/media\/102004"}],"wp:attachment":[{"href":"https:\/\/modelkars.com\/fr\/wp-json\/wp\/v2\/media?parent=101911"}],"wp:term":[{"taxonomy":"product_brand","embeddable":true,"href":"https:\/\/modelkars.com\/fr\/wp-json\/wp\/v2\/product_brand?post=101911"},{"taxonomy":"product_cat","embeddable":true,"href":"https:\/\/modelkars.com\/fr\/wp-json\/wp\/v2\/product_cat?post=101911"},{"taxonomy":"product_tag","embeddable":true,"href":"https:\/\/modelkars.com\/fr\/wp-json\/wp\/v2\/product_tag?post=101911"}],"curies":[{"name":"wp","href":"https:\/\/api.w.org\/{rel}","templated":true}]}}