{"id":101910,"date":"2026-03-15T00:00:01","date_gmt":"2026-03-14T23:00:01","guid":{"rendered":"https:\/\/modelkars.com\/?post_type=product&#038;p=101910"},"modified":"2026-03-31T22:22:01","modified_gmt":"2026-03-31T20:22:01","slug":"ot1281-audi-sq5-bleu-ultra","status":"publish","type":"product","link":"https:\/\/modelkars.com\/fr\/shop\/ottomobile\/ot1281-audi-sq5-bleu-ultra\/","title":{"rendered":"Audi SQ5"},"content":{"rendered":"","protected":false},"excerpt":{"rendered":"<p>Cette miniature \u00e0 l&rsquo;\u00e9chelle 1:18 reproduit l&rsquo;Audi SQ5 dans son mill\u00e9sime 2024, en coloris bleu Ultra. Propuls\u00e9 par un six-cylindres turbo de 3,0 litres d\u00e9veloppant 349 chevaux, coupl\u00e9 \u00e0 la transmission int\u00e9grale Quattro et \u00e0 une bo\u00eete automatique huit rapports, le SQ5 repr\u00e9sente le pendant sportif du Q5. Ce mod\u00e8le r\u00e9duit en r\u00e9sine est fabriqu\u00e9 par OttOmobile, produit en s\u00e9rie limit\u00e9e.<\/p>\n","protected":false},"featured_media":101978,"template":"","meta":{"_seopress_robots_primary_cat":"","_seopress_titles_title":"","_seopress_titles_desc":"","_seopress_robots_index":""},"product_brand":[],"product_cat":[225,163],"product_tag":[84,93,92,85],"class_list":{"0":"post-101910","1":"product","2":"type-product","3":"status-publish","4":"has-post-thumbnail","6":"product_cat-ottomobile","7":"product_cat-precommandes","8":"product_tag-echelle-118","9":"product_tag-edition-limitee","10":"product_tag-resine","11":"product_tag-sans-ouvrants","13":"first","14":"instock","15":"taxable","16":"shipping-taxable","17":"purchasable","18":"product-type-simple"},"_links":{"self":[{"href":"https:\/\/modelkars.com\/fr\/wp-json\/wp\/v2\/product\/101910","targetHints":{"allow":["GET"]}}],"collection":[{"href":"https:\/\/modelkars.com\/fr\/wp-json\/wp\/v2\/product"}],"about":[{"href":"https:\/\/modelkars.com\/fr\/wp-json\/wp\/v2\/types\/product"}],"wp:featuredmedia":[{"embeddable":true,"href":"https:\/\/modelkars.com\/fr\/wp-json\/wp\/v2\/media\/101978"}],"wp:attachment":[{"href":"https:\/\/modelkars.com\/fr\/wp-json\/wp\/v2\/media?parent=101910"}],"wp:term":[{"taxonomy":"product_brand","embeddable":true,"href":"https:\/\/modelkars.com\/fr\/wp-json\/wp\/v2\/product_brand?post=101910"},{"taxonomy":"product_cat","embeddable":true,"href":"https:\/\/modelkars.com\/fr\/wp-json\/wp\/v2\/product_cat?post=101910"},{"taxonomy":"product_tag","embeddable":true,"href":"https:\/\/modelkars.com\/fr\/wp-json\/wp\/v2\/product_tag?post=101910"}],"curies":[{"name":"wp","href":"https:\/\/api.w.org\/{rel}","templated":true}]}}