{"id":101907,"date":"2026-03-15T00:00:01","date_gmt":"2026-03-14T23:00:01","guid":{"rendered":"https:\/\/modelkars.com\/?post_type=product&#038;p=101907"},"modified":"2026-04-27T11:51:19","modified_gmt":"2026-04-27T09:51:19","slug":"ot1184-coutner-bmw-635-csi-e24-widebody-deep-blue","status":"publish","type":"product","link":"https:\/\/modelkars.com\/fr\/shop\/ottomobile\/ot1184-coutner-bmw-635-csi-e24-widebody-deep-blue\/","title":{"rendered":"Coutner BMW 635 CSi (E24) widebody"},"content":{"rendered":"","protected":false},"excerpt":{"rendered":"<p>Cette miniature \u00e0 l&rsquo;\u00e9chelle 1:18 reproduit la BMW 635 CSi (E24) dans sa version widebody sign\u00e9e Coutner, en coloris Deep Blue. Coutner est un pr\u00e9parateur japonais bas\u00e9 \u00e0 Kyoto dont ce projet sur base E24 constitue le coup d&rsquo;essai : un kit carrosserie \u00e9vas\u00e9 directement inspir\u00e9 des voitures de course des ann\u00e9es 1980, rehauss\u00e9 de jantes au style affirm\u00e9. Ce mod\u00e8le r\u00e9duit en r\u00e9sine est fabriqu\u00e9 par OttOmobile, produit en s\u00e9rie limit\u00e9e.<\/p>\n","protected":false},"featured_media":101917,"template":"","meta":{"_seopress_robots_primary_cat":"","_seopress_titles_title":"","_seopress_titles_desc":"","_seopress_robots_index":""},"product_brand":[],"product_cat":[225,163],"product_tag":[84,93,92,85],"class_list":{"0":"post-101907","1":"product","2":"type-product","3":"status-publish","4":"has-post-thumbnail","6":"product_cat-ottomobile","7":"product_cat-precommandes","8":"product_tag-echelle-118","9":"product_tag-edition-limitee","10":"product_tag-resine","11":"product_tag-sans-ouvrants","13":"first","14":"instock","15":"taxable","16":"shipping-taxable","17":"purchasable","18":"product-type-simple"},"_links":{"self":[{"href":"https:\/\/modelkars.com\/fr\/wp-json\/wp\/v2\/product\/101907","targetHints":{"allow":["GET"]}}],"collection":[{"href":"https:\/\/modelkars.com\/fr\/wp-json\/wp\/v2\/product"}],"about":[{"href":"https:\/\/modelkars.com\/fr\/wp-json\/wp\/v2\/types\/product"}],"wp:featuredmedia":[{"embeddable":true,"href":"https:\/\/modelkars.com\/fr\/wp-json\/wp\/v2\/media\/101917"}],"wp:attachment":[{"href":"https:\/\/modelkars.com\/fr\/wp-json\/wp\/v2\/media?parent=101907"}],"wp:term":[{"taxonomy":"product_brand","embeddable":true,"href":"https:\/\/modelkars.com\/fr\/wp-json\/wp\/v2\/product_brand?post=101907"},{"taxonomy":"product_cat","embeddable":true,"href":"https:\/\/modelkars.com\/fr\/wp-json\/wp\/v2\/product_cat?post=101907"},{"taxonomy":"product_tag","embeddable":true,"href":"https:\/\/modelkars.com\/fr\/wp-json\/wp\/v2\/product_tag?post=101907"}],"curies":[{"name":"wp","href":"https:\/\/api.w.org\/{rel}","templated":true}]}}