{"id":101795,"date":"2026-03-10T19:23:41","date_gmt":"2026-03-10T18:23:41","guid":{"rendered":"https:\/\/modelkars.com\/?post_type=product&#038;p=101795"},"modified":"2026-03-24T21:00:06","modified_gmt":"2026-03-24T20:00:06","slug":"ts0710-aston-martin-valhalla-podium-green","status":"publish","type":"product","link":"https:\/\/modelkars.com\/fr\/shop\/precommandes\/ts0710-aston-martin-valhalla-podium-green\/","title":{"rendered":"Aston Martin Valhalla"},"content":{"rendered":"","protected":false},"excerpt":{"rendered":"<p>Cette Aston Martin Valhalla \u00e0 l&rsquo;\u00e9chelle 1:18 est r\u00e9alis\u00e9e en r\u00e9sine par Top Speed dans le coloris Podium Green. La Valhalla est une hypercar hybride rechargeable limit\u00e9e \u00e0 999 exemplaires, et repr\u00e9sente plusieurs premi\u00e8res pour Aston Martin : premier mod\u00e8le de grande s\u00e9rie \u00e0 moteur central, premi\u00e8re voiture hybride de la marque, et premi\u00e8re \u00e0 recevoir le V8 biturbo \u00e0 vilebrequin \u00e0 plan plat de 4,0 litres d\u00e9velopp\u00e9 en interne. La version Podium Green a d&rsquo;ailleurs r\u00e9alis\u00e9 ses premi\u00e8res d\u00e9monstrations dynamiques au Goodwood Festival of Speed 2025. Son groupe motopropulseur combine ce V8 \u00e0 trois moteurs \u00e9lectriques pour une puissance totale de 1 079 ch. Ce mod\u00e8le r\u00e9duit est livr\u00e9 sur socle.<\/p>\n","protected":false},"featured_media":101848,"template":"","meta":{"_seopress_robots_primary_cat":"","_seopress_titles_title":"","_seopress_titles_desc":"","_seopress_robots_index":""},"product_brand":[617],"product_cat":[163,74],"product_tag":[84,92,85,86],"class_list":{"0":"post-101795","1":"product","2":"type-product","3":"status-publish","4":"has-post-thumbnail","6":"product_brand-topspeed","7":"product_cat-precommandes","8":"product_cat-topspeed","9":"product_tag-echelle-118","10":"product_tag-resine","11":"product_tag-sans-ouvrants","12":"product_tag-socle-inclus","14":"first","15":"instock","16":"taxable","17":"shipping-taxable","18":"purchasable","19":"product-type-simple"},"_links":{"self":[{"href":"https:\/\/modelkars.com\/fr\/wp-json\/wp\/v2\/product\/101795","targetHints":{"allow":["GET"]}}],"collection":[{"href":"https:\/\/modelkars.com\/fr\/wp-json\/wp\/v2\/product"}],"about":[{"href":"https:\/\/modelkars.com\/fr\/wp-json\/wp\/v2\/types\/product"}],"wp:featuredmedia":[{"embeddable":true,"href":"https:\/\/modelkars.com\/fr\/wp-json\/wp\/v2\/media\/101848"}],"wp:attachment":[{"href":"https:\/\/modelkars.com\/fr\/wp-json\/wp\/v2\/media?parent=101795"}],"wp:term":[{"taxonomy":"product_brand","embeddable":true,"href":"https:\/\/modelkars.com\/fr\/wp-json\/wp\/v2\/product_brand?post=101795"},{"taxonomy":"product_cat","embeddable":true,"href":"https:\/\/modelkars.com\/fr\/wp-json\/wp\/v2\/product_cat?post=101795"},{"taxonomy":"product_tag","embeddable":true,"href":"https:\/\/modelkars.com\/fr\/wp-json\/wp\/v2\/product_tag?post=101795"}],"curies":[{"name":"wp","href":"https:\/\/api.w.org\/{rel}","templated":true}]}}