{"id":101794,"date":"2026-03-10T19:23:40","date_gmt":"2026-03-10T18:23:40","guid":{"rendered":"https:\/\/modelkars.com\/?post_type=product&#038;p=101794"},"modified":"2026-03-24T21:00:06","modified_gmt":"2026-03-24T20:00:06","slug":"ts0708-mclaren-750s-white","status":"publish","type":"product","link":"https:\/\/modelkars.com\/fr\/shop\/precommandes\/ts0708-mclaren-750s-white\/","title":{"rendered":"McLaren 750S"},"content":{"rendered":"","protected":false},"excerpt":{"rendered":"<p>Ce mod\u00e8le r\u00e9duit \u00e0 l&rsquo;\u00e9chelle 1:18 reproduit la McLaren 750S en blanc. R\u00e9alis\u00e9e en r\u00e9sine par Top Speed, elle repr\u00e9sente la supercar britannique lanc\u00e9e en 2023 en remplacement de la 720S. Le 750S se d\u00e9marque dans sa cat\u00e9gorie par l&rsquo;absence d\u00e9lib\u00e9r\u00e9e de toute motorisation hybride, faisant le choix de la l\u00e9g\u00e8ret\u00e9 : 30 kg de moins que son pr\u00e9d\u00e9cesseur, pour un poids de 1 389 kg \u00e0 sec. Son V8 biturbo de 4,0 litres d\u00e9veloppe 750 ch et abat le 0 \u00e0 100 km\/h en 2,8 secondes. Ce mod\u00e8le r\u00e9duit est livr\u00e9 sur socle.<\/p>\n","protected":false},"featured_media":101835,"template":"","meta":{"_seopress_robots_primary_cat":"","_seopress_titles_title":"","_seopress_titles_desc":"","_seopress_robots_index":""},"product_brand":[617],"product_cat":[163,74],"product_tag":[84,92,85,86],"class_list":{"0":"post-101794","1":"product","2":"type-product","3":"status-publish","4":"has-post-thumbnail","6":"product_brand-topspeed","7":"product_cat-precommandes","8":"product_cat-topspeed","9":"product_tag-echelle-118","10":"product_tag-resine","11":"product_tag-sans-ouvrants","12":"product_tag-socle-inclus","14":"first","15":"instock","16":"taxable","17":"shipping-taxable","18":"purchasable","19":"product-type-simple"},"_links":{"self":[{"href":"https:\/\/modelkars.com\/fr\/wp-json\/wp\/v2\/product\/101794","targetHints":{"allow":["GET"]}}],"collection":[{"href":"https:\/\/modelkars.com\/fr\/wp-json\/wp\/v2\/product"}],"about":[{"href":"https:\/\/modelkars.com\/fr\/wp-json\/wp\/v2\/types\/product"}],"wp:featuredmedia":[{"embeddable":true,"href":"https:\/\/modelkars.com\/fr\/wp-json\/wp\/v2\/media\/101835"}],"wp:attachment":[{"href":"https:\/\/modelkars.com\/fr\/wp-json\/wp\/v2\/media?parent=101794"}],"wp:term":[{"taxonomy":"product_brand","embeddable":true,"href":"https:\/\/modelkars.com\/fr\/wp-json\/wp\/v2\/product_brand?post=101794"},{"taxonomy":"product_cat","embeddable":true,"href":"https:\/\/modelkars.com\/fr\/wp-json\/wp\/v2\/product_cat?post=101794"},{"taxonomy":"product_tag","embeddable":true,"href":"https:\/\/modelkars.com\/fr\/wp-json\/wp\/v2\/product_tag?post=101794"}],"curies":[{"name":"wp","href":"https:\/\/api.w.org\/{rel}","templated":true}]}}