{"id":101792,"date":"2026-03-10T19:23:40","date_gmt":"2026-03-10T18:23:40","guid":{"rendered":"https:\/\/modelkars.com\/?post_type=product&#038;p=101792"},"modified":"2026-03-24T21:00:05","modified_gmt":"2026-03-24T20:00:05","slug":"ts0633-nissan-lb-silhouette-works-gt-35gt-rr-matt-grey","status":"publish","type":"product","link":"https:\/\/modelkars.com\/fr\/shop\/precommandes\/ts0633-nissan-lb-silhouette-works-gt-35gt-rr-matt-grey\/","title":{"rendered":"Nissan LB-Silhouette Works GT 35GT-RR"},"content":{"rendered":"","protected":false},"excerpt":{"rendered":"<p>Cette Nissan LB-Silhouette Works GT 35GT-RR \u00e0 l&rsquo;\u00e9chelle 1:18 est r\u00e9alis\u00e9e en r\u00e9sine par Top Speed dans un coloris gris mat. La d\u00e9nomination Silhouette Works n&rsquo;est pas anodine : elle rend hommage aux voitures de course silhouette du JGTC japonais des ann\u00e9es 1990 et 2000, dont les carrosseries extr\u00eames recouvraient \u00e0 peine des ch\u00e2ssis de course. Liberty Walk s&rsquo;en est directement inspir\u00e9 pour proposer le kit le plus radical jamais d\u00e9velopp\u00e9 pour la Nissan GT-R R35, avec ailes sur-\u00e9largies, becquet massif et tout l&rsquo;attirail a\u00e9rodynamique qui va avec. Ce mod\u00e8le r\u00e9duit est livr\u00e9 sur socle.<\/p>\n","protected":false},"featured_media":101809,"template":"","meta":{"_seopress_robots_primary_cat":"","_seopress_titles_title":"","_seopress_titles_desc":"","_seopress_robots_index":""},"product_brand":[617],"product_cat":[163,74],"product_tag":[84,92,85,86],"class_list":{"0":"post-101792","1":"product","2":"type-product","3":"status-publish","4":"has-post-thumbnail","6":"product_brand-topspeed","7":"product_cat-precommandes","8":"product_cat-topspeed","9":"product_tag-echelle-118","10":"product_tag-resine","11":"product_tag-sans-ouvrants","12":"product_tag-socle-inclus","14":"first","15":"instock","16":"taxable","17":"shipping-taxable","18":"purchasable","19":"product-type-simple"},"_links":{"self":[{"href":"https:\/\/modelkars.com\/fr\/wp-json\/wp\/v2\/product\/101792","targetHints":{"allow":["GET"]}}],"collection":[{"href":"https:\/\/modelkars.com\/fr\/wp-json\/wp\/v2\/product"}],"about":[{"href":"https:\/\/modelkars.com\/fr\/wp-json\/wp\/v2\/types\/product"}],"wp:featuredmedia":[{"embeddable":true,"href":"https:\/\/modelkars.com\/fr\/wp-json\/wp\/v2\/media\/101809"}],"wp:attachment":[{"href":"https:\/\/modelkars.com\/fr\/wp-json\/wp\/v2\/media?parent=101792"}],"wp:term":[{"taxonomy":"product_brand","embeddable":true,"href":"https:\/\/modelkars.com\/fr\/wp-json\/wp\/v2\/product_brand?post=101792"},{"taxonomy":"product_cat","embeddable":true,"href":"https:\/\/modelkars.com\/fr\/wp-json\/wp\/v2\/product_cat?post=101792"},{"taxonomy":"product_tag","embeddable":true,"href":"https:\/\/modelkars.com\/fr\/wp-json\/wp\/v2\/product_tag?post=101792"}],"curies":[{"name":"wp","href":"https:\/\/api.w.org\/{rel}","templated":true}]}}