{"id":101791,"date":"2026-03-10T19:23:40","date_gmt":"2026-03-10T18:23:40","guid":{"rendered":"https:\/\/modelkars.com\/?post_type=product&#038;p=101791"},"modified":"2026-03-24T21:00:05","modified_gmt":"2026-03-24T20:00:05","slug":"ts0623-abath-595-lb-works-x-abas-works-iztk-blanc-bleu-clair","status":"publish","type":"product","link":"https:\/\/modelkars.com\/fr\/shop\/precommandes\/ts0623-abath-595-lb-works-x-abas-works-iztk-blanc-bleu-clair\/","title":{"rendered":"Abath 595 LB-Works x Abas Works IZTK"},"content":{"rendered":"","protected":false},"excerpt":{"rendered":"<p>Reproduite \u00e0 l&rsquo;\u00e9chelle 1:18 par Top Speed en r\u00e9sine, cette Abarth 595 LB-Works x Abas Works IZTK se distingue par sa livr\u00e9e blanc et bleu clair. LB-Works est la branche widebody de Liberty Walk, le tuner japonais fond\u00e9 en 2007 par Wataru Kato, dont la philosophie consiste \u00e0 transformer des voitures ordinaires et des supercars avec des carrosseries \u00e9largies aussi spectaculaires qu&rsquo;assum\u00e9es. Sur base Abarth 595, le kit comprend nouvelles ailes \u00e9largies, jupe lat\u00e9rale, diffuseur et becquet arri\u00e8re, donnant au plus engag\u00e9 des compacts italiens un profil digne d&rsquo;un v\u00e9ritable bolide de circuit. Ce mod\u00e8le r\u00e9duit est livr\u00e9 sur socle.<\/p>\n","protected":false},"featured_media":101796,"template":"","meta":{"_seopress_robots_primary_cat":"","_seopress_titles_title":"","_seopress_titles_desc":"","_seopress_robots_index":""},"product_brand":[617],"product_cat":[163,74],"product_tag":[84,92,85,86],"class_list":{"0":"post-101791","1":"product","2":"type-product","3":"status-publish","4":"has-post-thumbnail","6":"product_brand-topspeed","7":"product_cat-precommandes","8":"product_cat-topspeed","9":"product_tag-echelle-118","10":"product_tag-resine","11":"product_tag-sans-ouvrants","12":"product_tag-socle-inclus","14":"first","15":"instock","16":"taxable","17":"shipping-taxable","18":"purchasable","19":"product-type-simple"},"_links":{"self":[{"href":"https:\/\/modelkars.com\/fr\/wp-json\/wp\/v2\/product\/101791","targetHints":{"allow":["GET"]}}],"collection":[{"href":"https:\/\/modelkars.com\/fr\/wp-json\/wp\/v2\/product"}],"about":[{"href":"https:\/\/modelkars.com\/fr\/wp-json\/wp\/v2\/types\/product"}],"wp:featuredmedia":[{"embeddable":true,"href":"https:\/\/modelkars.com\/fr\/wp-json\/wp\/v2\/media\/101796"}],"wp:attachment":[{"href":"https:\/\/modelkars.com\/fr\/wp-json\/wp\/v2\/media?parent=101791"}],"wp:term":[{"taxonomy":"product_brand","embeddable":true,"href":"https:\/\/modelkars.com\/fr\/wp-json\/wp\/v2\/product_brand?post=101791"},{"taxonomy":"product_cat","embeddable":true,"href":"https:\/\/modelkars.com\/fr\/wp-json\/wp\/v2\/product_cat?post=101791"},{"taxonomy":"product_tag","embeddable":true,"href":"https:\/\/modelkars.com\/fr\/wp-json\/wp\/v2\/product_tag?post=101791"}],"curies":[{"name":"wp","href":"https:\/\/api.w.org\/{rel}","templated":true}]}}