{"id":101212,"date":"2026-03-04T19:19:10","date_gmt":"2026-03-04T18:19:10","guid":{"rendered":"https:\/\/modelkars.com\/?post_type=product&#038;p=101212"},"modified":"2026-03-28T17:26:39","modified_gmt":"2026-03-28T16:26:39","slug":"gt569-porsche-911-rwb-kashiwa-bleu","status":"publish","type":"product","link":"https:\/\/modelkars.com\/fr\/shop\/gt-spirit\/gt569-porsche-911-rwb-kashiwa-bleu\/","title":{"rendered":"Porsche 911 RWB Kashiwa"},"content":{"rendered":"","protected":false},"excerpt":{"rendered":"<p>La Porsche 911 RWB Kashiwa 2022 \u00e0 l&rsquo;\u00e9chelle 1:18 est reproduite par GT Spirit en r\u00e9sine dans un coloris bleu. Kashiwa, ville de la pr\u00e9fecture de Chiba au Japon, donne son nom \u00e0 cette cr\u00e9ation d&rsquo;Akira Nakai. \u00c0 la diff\u00e9rence d&rsquo;un kit carrosserie classique, chaque RWB est sculpt\u00e9e et pos\u00e9e \u00e0 la main par Nakai lui-m\u00eame sur place, ce qui signifie qu&rsquo;il n&rsquo;existe dans le monde qu&rsquo;un seul exemplaire portant ce nom. Mod\u00e8le en s\u00e9rie limit\u00e9e, sur socle.<\/p>\n","protected":false},"featured_media":101343,"template":"","meta":{"_seopress_robots_primary_cat":"","_seopress_titles_title":"","_seopress_titles_desc":"","_seopress_robots_index":""},"product_brand":[],"product_cat":[71,163],"product_tag":[84,93,92,85,86],"class_list":{"0":"post-101212","1":"product","2":"type-product","3":"status-publish","4":"has-post-thumbnail","6":"product_cat-gt-spirit","7":"product_cat-precommandes","8":"product_tag-echelle-118","9":"product_tag-edition-limitee","10":"product_tag-resine","11":"product_tag-sans-ouvrants","12":"product_tag-socle-inclus","14":"first","15":"onbackorder","16":"taxable","17":"shipping-taxable","18":"purchasable","19":"product-type-simple"},"_links":{"self":[{"href":"https:\/\/modelkars.com\/fr\/wp-json\/wp\/v2\/product\/101212","targetHints":{"allow":["GET"]}}],"collection":[{"href":"https:\/\/modelkars.com\/fr\/wp-json\/wp\/v2\/product"}],"about":[{"href":"https:\/\/modelkars.com\/fr\/wp-json\/wp\/v2\/types\/product"}],"wp:featuredmedia":[{"embeddable":true,"href":"https:\/\/modelkars.com\/fr\/wp-json\/wp\/v2\/media\/101343"}],"wp:attachment":[{"href":"https:\/\/modelkars.com\/fr\/wp-json\/wp\/v2\/media?parent=101212"}],"wp:term":[{"taxonomy":"product_brand","embeddable":true,"href":"https:\/\/modelkars.com\/fr\/wp-json\/wp\/v2\/product_brand?post=101212"},{"taxonomy":"product_cat","embeddable":true,"href":"https:\/\/modelkars.com\/fr\/wp-json\/wp\/v2\/product_cat?post=101212"},{"taxonomy":"product_tag","embeddable":true,"href":"https:\/\/modelkars.com\/fr\/wp-json\/wp\/v2\/product_tag?post=101212"}],"curies":[{"name":"wp","href":"https:\/\/api.w.org\/{rel}","templated":true}]}}