{"id":101211,"date":"2026-03-04T19:19:10","date_gmt":"2026-03-04T18:19:10","guid":{"rendered":"https:\/\/modelkars.com\/?post_type=product&#038;p=101211"},"modified":"2026-04-06T03:58:37","modified_gmt":"2026-04-06T01:58:37","slug":"gt979-bmw-m2-cs-gris-brooklyn","status":"publish","type":"product","link":"https:\/\/modelkars.com\/fr\/shop\/gt-spirit\/gt979-bmw-m2-cs-gris-brooklyn\/","title":{"rendered":"BMW M2 CS"},"content":{"rendered":"","protected":false},"excerpt":{"rendered":"<p>Cette BMW M2 CS 2026 \u00e0 l&rsquo;\u00e9chelle 1:18 est reproduite par GT Spirit en r\u00e9sine dans un coloris gris Brooklyn. Aboutissement de la g\u00e9n\u00e9ration G87, la M2 CS extrait 523 chevaux du six cylindres en ligne biturbo S58, tout en perdant 44 kilogrammes gr\u00e2ce \u00e0 un toit, un couvercle de coffre et un diffuseur en fibre de carbone. Mod\u00e8le en s\u00e9rie limit\u00e9e, sur socle.<\/p>\n","protected":false},"featured_media":101320,"template":"","meta":{"_seopress_robots_primary_cat":"","_seopress_titles_title":"","_seopress_titles_desc":"","_seopress_robots_index":""},"product_brand":[],"product_cat":[71,163],"product_tag":[84,93,92,85,86],"class_list":{"0":"post-101211","1":"product","2":"type-product","3":"status-publish","4":"has-post-thumbnail","6":"product_cat-gt-spirit","7":"product_cat-precommandes","8":"product_tag-echelle-118","9":"product_tag-edition-limitee","10":"product_tag-resine","11":"product_tag-sans-ouvrants","12":"product_tag-socle-inclus","14":"first","15":"onbackorder","16":"taxable","17":"shipping-taxable","18":"purchasable","19":"product-type-simple"},"_links":{"self":[{"href":"https:\/\/modelkars.com\/fr\/wp-json\/wp\/v2\/product\/101211","targetHints":{"allow":["GET"]}}],"collection":[{"href":"https:\/\/modelkars.com\/fr\/wp-json\/wp\/v2\/product"}],"about":[{"href":"https:\/\/modelkars.com\/fr\/wp-json\/wp\/v2\/types\/product"}],"wp:featuredmedia":[{"embeddable":true,"href":"https:\/\/modelkars.com\/fr\/wp-json\/wp\/v2\/media\/101320"}],"wp:attachment":[{"href":"https:\/\/modelkars.com\/fr\/wp-json\/wp\/v2\/media?parent=101211"}],"wp:term":[{"taxonomy":"product_brand","embeddable":true,"href":"https:\/\/modelkars.com\/fr\/wp-json\/wp\/v2\/product_brand?post=101211"},{"taxonomy":"product_cat","embeddable":true,"href":"https:\/\/modelkars.com\/fr\/wp-json\/wp\/v2\/product_cat?post=101211"},{"taxonomy":"product_tag","embeddable":true,"href":"https:\/\/modelkars.com\/fr\/wp-json\/wp\/v2\/product_tag?post=101211"}],"curies":[{"name":"wp","href":"https:\/\/api.w.org\/{rel}","templated":true}]}}