{"id":101208,"date":"2026-03-04T19:19:09","date_gmt":"2026-03-04T18:19:09","guid":{"rendered":"https:\/\/modelkars.com\/?post_type=product&#038;p=101208"},"modified":"2026-03-04T20:14:37","modified_gmt":"2026-03-04T19:14:37","slug":"gt557-range-rover-p615-sv-noir","status":"publish","type":"product","link":"https:\/\/modelkars.com\/fr\/shop\/gt-spirit\/gt557-range-rover-p615-sv-noir\/","title":{"rendered":"Range Rover P615 SV"},"content":{"rendered":"","protected":false},"excerpt":{"rendered":"<p>Ce Range Rover P615 SV 2023 \u00e0 l&rsquo;\u00e9chelle 1:12 est reproduit par GT Spirit en r\u00e9sine dans un coloris noir. La d\u00e9signation P615 SV identifie la variante haute performance du Range Rover cinqui\u00e8me g\u00e9n\u00e9ration, anim\u00e9e par un V8 biturbo de 4,4 litres d\u00e9velopp\u00e9 avec BMW, pour une puissance de 615 chevaux. Le suffixe SV (Special Vehicle) signale une finition r\u00e9alis\u00e9e par l&rsquo;atelier de carrosserie maison de Land Rover, avec des mat\u00e9riaux et des configurations inaccessibles dans la gamme standard. Mod\u00e8le en s\u00e9rie limit\u00e9e.<\/p>\n","protected":false},"featured_media":101311,"template":"","meta":{"_seopress_robots_primary_cat":"","_seopress_titles_title":"","_seopress_titles_desc":"","_seopress_robots_index":""},"product_brand":[],"product_cat":[71,163],"product_tag":[188,93,92,85],"class_list":{"0":"post-101208","1":"product","2":"type-product","3":"status-publish","4":"has-post-thumbnail","6":"product_cat-gt-spirit","7":"product_cat-precommandes","8":"product_tag-echelle-112","9":"product_tag-edition-limitee","10":"product_tag-resine","11":"product_tag-sans-ouvrants","13":"first","14":"onbackorder","15":"taxable","16":"shipping-taxable","17":"purchasable","18":"product-type-simple"},"_links":{"self":[{"href":"https:\/\/modelkars.com\/fr\/wp-json\/wp\/v2\/product\/101208","targetHints":{"allow":["GET"]}}],"collection":[{"href":"https:\/\/modelkars.com\/fr\/wp-json\/wp\/v2\/product"}],"about":[{"href":"https:\/\/modelkars.com\/fr\/wp-json\/wp\/v2\/types\/product"}],"wp:featuredmedia":[{"embeddable":true,"href":"https:\/\/modelkars.com\/fr\/wp-json\/wp\/v2\/media\/101311"}],"wp:attachment":[{"href":"https:\/\/modelkars.com\/fr\/wp-json\/wp\/v2\/media?parent=101208"}],"wp:term":[{"taxonomy":"product_brand","embeddable":true,"href":"https:\/\/modelkars.com\/fr\/wp-json\/wp\/v2\/product_brand?post=101208"},{"taxonomy":"product_cat","embeddable":true,"href":"https:\/\/modelkars.com\/fr\/wp-json\/wp\/v2\/product_cat?post=101208"},{"taxonomy":"product_tag","embeddable":true,"href":"https:\/\/modelkars.com\/fr\/wp-json\/wp\/v2\/product_tag?post=101208"}],"curies":[{"name":"wp","href":"https:\/\/api.w.org\/{rel}","templated":true}]}}