{"id":101207,"date":"2026-03-04T19:19:09","date_gmt":"2026-03-04T18:19:09","guid":{"rendered":"https:\/\/modelkars.com\/?post_type=product&#038;p=101207"},"modified":"2026-03-04T20:11:54","modified_gmt":"2026-03-04T19:11:54","slug":"gt1006-porsche-959-sport-blanc-grand-prix","status":"publish","type":"product","link":"https:\/\/modelkars.com\/fr\/shop\/gt-spirit\/gt1006-porsche-959-sport-blanc-grand-prix\/","title":{"rendered":"Porsche 959 Sport"},"content":{"rendered":"","protected":false},"excerpt":{"rendered":"<p>Cette Porsche 959 Sport de 1987 \u00e0 l&rsquo;\u00e9chelle 1:12 est reproduite par GT Spirit en r\u00e9sine dans un coloris blanc Grand Prix. Fleuron technologique de son \u00e9poque, la 959 combinait un six cylindres \u00e0 plat biturbo de 450 chevaux avec une transmission int\u00e9grale \u00e0 r\u00e9partition variable. La version Sport, all\u00e9g\u00e9e d&rsquo;environ 100 kilogrammes par rapport \u00e0 la 959 Confort, ne fut produite qu&rsquo;\u00e0 une vingtaine d&rsquo;exemplaires. Mod\u00e8le en s\u00e9rie limit\u00e9e.<\/p>\n","protected":false},"featured_media":101308,"template":"","meta":{"_seopress_robots_primary_cat":"","_seopress_titles_title":"","_seopress_titles_desc":"","_seopress_robots_index":""},"product_brand":[],"product_cat":[71,163],"product_tag":[188,93,92,85],"class_list":{"0":"post-101207","1":"product","2":"type-product","3":"status-publish","4":"has-post-thumbnail","6":"product_cat-gt-spirit","7":"product_cat-precommandes","8":"product_tag-echelle-112","9":"product_tag-edition-limitee","10":"product_tag-resine","11":"product_tag-sans-ouvrants","13":"first","14":"onbackorder","15":"taxable","16":"shipping-taxable","17":"purchasable","18":"product-type-simple"},"_links":{"self":[{"href":"https:\/\/modelkars.com\/fr\/wp-json\/wp\/v2\/product\/101207","targetHints":{"allow":["GET"]}}],"collection":[{"href":"https:\/\/modelkars.com\/fr\/wp-json\/wp\/v2\/product"}],"about":[{"href":"https:\/\/modelkars.com\/fr\/wp-json\/wp\/v2\/types\/product"}],"wp:featuredmedia":[{"embeddable":true,"href":"https:\/\/modelkars.com\/fr\/wp-json\/wp\/v2\/media\/101308"}],"wp:attachment":[{"href":"https:\/\/modelkars.com\/fr\/wp-json\/wp\/v2\/media?parent=101207"}],"wp:term":[{"taxonomy":"product_brand","embeddable":true,"href":"https:\/\/modelkars.com\/fr\/wp-json\/wp\/v2\/product_brand?post=101207"},{"taxonomy":"product_cat","embeddable":true,"href":"https:\/\/modelkars.com\/fr\/wp-json\/wp\/v2\/product_cat?post=101207"},{"taxonomy":"product_tag","embeddable":true,"href":"https:\/\/modelkars.com\/fr\/wp-json\/wp\/v2\/product_tag?post=101207"}],"curies":[{"name":"wp","href":"https:\/\/api.w.org\/{rel}","templated":true}]}}