{"id":101206,"date":"2026-03-04T19:19:09","date_gmt":"2026-03-04T18:19:09","guid":{"rendered":"https:\/\/modelkars.com\/?post_type=product&#038;p=101206"},"modified":"2026-03-04T20:09:20","modified_gmt":"2026-03-04T19:09:20","slug":"gts802301-porsche-911-turbo-3-3-930-rouge-indian","status":"publish","type":"product","link":"https:\/\/modelkars.com\/fr\/shop\/gt-spirit\/gts802301-porsche-911-turbo-3-3-930-rouge-indian\/","title":{"rendered":"Porsche 911 Turbo 3.3 (930)"},"content":{"rendered":"","protected":false},"excerpt":{"rendered":"<p>La Porsche 911 Turbo 3.3 (930) de 1989 \u00e0 l&rsquo;\u00e9chelle 1:8 est reproduite par GT Spirit en r\u00e9sine dans un coloris rouge Indian. La 930 fut la premi\u00e8re Porsche de s\u00e9rie \u00e0 recevoir un turbocompresseur, lanc\u00e9e en 1975 avec un moteur 3,0 litres avant de passer \u00e0 3,3 litres en 1978. Sa r\u00e9putation de voiture physique \u00e0 ma\u00eetriser lui valut rapidement le surnom de Widow Maker outre-Atlantique. Ce mill\u00e9sime 1989 est l&rsquo;un des tout derniers avant la transition vers la 964. Mod\u00e8le en s\u00e9rie limit\u00e9e, sur socle et sous vitrine.<\/p>\n","protected":false},"featured_media":101305,"template":"","meta":{"_seopress_robots_primary_cat":"","_seopress_titles_title":"","_seopress_titles_desc":"","_seopress_robots_index":""},"product_brand":[],"product_cat":[71,163],"product_tag":[189,93,92,85,86,323],"class_list":{"0":"post-101206","1":"product","2":"type-product","3":"status-publish","4":"has-post-thumbnail","6":"product_cat-gt-spirit","7":"product_cat-precommandes","8":"product_tag-echelle-18","9":"product_tag-edition-limitee","10":"product_tag-resine","11":"product_tag-sans-ouvrants","12":"product_tag-socle-inclus","13":"product_tag-vitrine-incluse","15":"first","16":"onbackorder","17":"taxable","18":"shipping-taxable","19":"purchasable","20":"product-type-simple"},"_links":{"self":[{"href":"https:\/\/modelkars.com\/fr\/wp-json\/wp\/v2\/product\/101206","targetHints":{"allow":["GET"]}}],"collection":[{"href":"https:\/\/modelkars.com\/fr\/wp-json\/wp\/v2\/product"}],"about":[{"href":"https:\/\/modelkars.com\/fr\/wp-json\/wp\/v2\/types\/product"}],"wp:featuredmedia":[{"embeddable":true,"href":"https:\/\/modelkars.com\/fr\/wp-json\/wp\/v2\/media\/101305"}],"wp:attachment":[{"href":"https:\/\/modelkars.com\/fr\/wp-json\/wp\/v2\/media?parent=101206"}],"wp:term":[{"taxonomy":"product_brand","embeddable":true,"href":"https:\/\/modelkars.com\/fr\/wp-json\/wp\/v2\/product_brand?post=101206"},{"taxonomy":"product_cat","embeddable":true,"href":"https:\/\/modelkars.com\/fr\/wp-json\/wp\/v2\/product_cat?post=101206"},{"taxonomy":"product_tag","embeddable":true,"href":"https:\/\/modelkars.com\/fr\/wp-json\/wp\/v2\/product_tag?post=101206"}],"curies":[{"name":"wp","href":"https:\/\/api.w.org\/{rel}","templated":true}]}}