{"id":101205,"date":"2026-03-04T19:19:09","date_gmt":"2026-03-04T18:19:09","guid":{"rendered":"https:\/\/modelkars.com\/?post_type=product&#038;p=101205"},"modified":"2026-03-04T20:05:33","modified_gmt":"2026-03-04T19:05:33","slug":"gts802801-mercedes-benz-190-evolution-ii-noir","status":"publish","type":"product","link":"https:\/\/modelkars.com\/fr\/shop\/gt-spirit\/gts802801-mercedes-benz-190-evolution-ii-noir\/","title":{"rendered":"Mercedes-Benz 190 Evolution II"},"content":{"rendered":"","protected":false},"excerpt":{"rendered":"<p>Cette Mercedes-Benz 190 Evolution II de 1990 \u00e0 l&rsquo;\u00e9chelle 1:8 est reproduite par GT Spirit en r\u00e9sine dans un coloris noir. Construite comme voiture d&rsquo;homologation pour le DTM, la 190 Evo II ne fut produite qu&rsquo;\u00e0 502 exemplaires. Son quatre cylindres 2,5 litres 16 soupapes d\u00e9veloppait 235 chevaux, tandis que son imposant aileron arri\u00e8re r\u00e9glable et ses \u00e9largisseurs de caisse affirmaient sans ambigu\u00eft\u00e9 ses intentions sportives. Mod\u00e8le en s\u00e9rie limit\u00e9e, sur socle et sous vitrine.<\/p>\n","protected":false},"featured_media":101302,"template":"","meta":{"_seopress_robots_primary_cat":"","_seopress_titles_title":"","_seopress_titles_desc":"","_seopress_robots_index":""},"product_brand":[],"product_cat":[71,163],"product_tag":[189,93,92,85,86,323],"class_list":{"0":"post-101205","1":"product","2":"type-product","3":"status-publish","4":"has-post-thumbnail","6":"product_cat-gt-spirit","7":"product_cat-precommandes","8":"product_tag-echelle-18","9":"product_tag-edition-limitee","10":"product_tag-resine","11":"product_tag-sans-ouvrants","12":"product_tag-socle-inclus","13":"product_tag-vitrine-incluse","15":"first","16":"onbackorder","17":"taxable","18":"shipping-taxable","19":"purchasable","20":"product-type-simple"},"_links":{"self":[{"href":"https:\/\/modelkars.com\/fr\/wp-json\/wp\/v2\/product\/101205","targetHints":{"allow":["GET"]}}],"collection":[{"href":"https:\/\/modelkars.com\/fr\/wp-json\/wp\/v2\/product"}],"about":[{"href":"https:\/\/modelkars.com\/fr\/wp-json\/wp\/v2\/types\/product"}],"wp:featuredmedia":[{"embeddable":true,"href":"https:\/\/modelkars.com\/fr\/wp-json\/wp\/v2\/media\/101302"}],"wp:attachment":[{"href":"https:\/\/modelkars.com\/fr\/wp-json\/wp\/v2\/media?parent=101205"}],"wp:term":[{"taxonomy":"product_brand","embeddable":true,"href":"https:\/\/modelkars.com\/fr\/wp-json\/wp\/v2\/product_brand?post=101205"},{"taxonomy":"product_cat","embeddable":true,"href":"https:\/\/modelkars.com\/fr\/wp-json\/wp\/v2\/product_cat?post=101205"},{"taxonomy":"product_tag","embeddable":true,"href":"https:\/\/modelkars.com\/fr\/wp-json\/wp\/v2\/product_tag?post=101205"}],"curies":[{"name":"wp","href":"https:\/\/api.w.org\/{rel}","templated":true}]}}