{"id":101204,"date":"2026-03-04T19:19:09","date_gmt":"2026-03-04T18:19:09","guid":{"rendered":"https:\/\/modelkars.com\/?post_type=product&#038;p=101204"},"modified":"2026-04-02T04:24:06","modified_gmt":"2026-04-02T02:24:06","slug":"gt968-land-rover-defender-110-sw-adventure-edition-gris-corris","status":"publish","type":"product","link":"https:\/\/modelkars.com\/fr\/shop\/gt-spirit\/gt968-land-rover-defender-110-sw-adventure-edition-gris-corris\/","title":{"rendered":"Land Rover Defender 110 SW Adventure Edition"},"content":{"rendered":"","protected":false},"excerpt":{"rendered":"<p>Le Land Rover Defender 110 SW Adventure Edition 2016 \u00e0 l&rsquo;\u00e9chelle 1:18 est reproduit par GT Spirit en r\u00e9sine dans un coloris gris Corris. Le mill\u00e9sime 2016 correspond \u00e0 la derni\u00e8re ann\u00e9e de production du Defender original, dont la lign\u00e9e remonte au Series I de 1948. L&rsquo;\u00e9dition Adventure \u00e9tait l&rsquo;une des finitions sp\u00e9ciales propos\u00e9es pour saluer la fin d&rsquo;une production ininterrompue de pr\u00e8s de sept d\u00e9cennies. Mod\u00e8le en s\u00e9rie limit\u00e9e, sur socle.<\/p>\n","protected":false},"featured_media":101267,"template":"","meta":{"_seopress_robots_primary_cat":"","_seopress_titles_title":"","_seopress_titles_desc":"","_seopress_robots_index":""},"product_brand":[],"product_cat":[71,163],"product_tag":[84,93,92,85,86],"class_list":{"0":"post-101204","1":"product","2":"type-product","3":"status-publish","4":"has-post-thumbnail","6":"product_cat-gt-spirit","7":"product_cat-precommandes","8":"product_tag-echelle-118","9":"product_tag-edition-limitee","10":"product_tag-resine","11":"product_tag-sans-ouvrants","12":"product_tag-socle-inclus","14":"first","15":"instock","16":"taxable","17":"shipping-taxable","18":"purchasable","19":"product-type-simple"},"_links":{"self":[{"href":"https:\/\/modelkars.com\/fr\/wp-json\/wp\/v2\/product\/101204","targetHints":{"allow":["GET"]}}],"collection":[{"href":"https:\/\/modelkars.com\/fr\/wp-json\/wp\/v2\/product"}],"about":[{"href":"https:\/\/modelkars.com\/fr\/wp-json\/wp\/v2\/types\/product"}],"wp:featuredmedia":[{"embeddable":true,"href":"https:\/\/modelkars.com\/fr\/wp-json\/wp\/v2\/media\/101267"}],"wp:attachment":[{"href":"https:\/\/modelkars.com\/fr\/wp-json\/wp\/v2\/media?parent=101204"}],"wp:term":[{"taxonomy":"product_brand","embeddable":true,"href":"https:\/\/modelkars.com\/fr\/wp-json\/wp\/v2\/product_brand?post=101204"},{"taxonomy":"product_cat","embeddable":true,"href":"https:\/\/modelkars.com\/fr\/wp-json\/wp\/v2\/product_cat?post=101204"},{"taxonomy":"product_tag","embeddable":true,"href":"https:\/\/modelkars.com\/fr\/wp-json\/wp\/v2\/product_tag?post=101204"}],"curies":[{"name":"wp","href":"https:\/\/api.w.org\/{rel}","templated":true}]}}