{"id":101200,"date":"2026-03-04T19:19:08","date_gmt":"2026-03-04T18:19:08","guid":{"rendered":"https:\/\/modelkars.com\/?post_type=product&#038;p=101200"},"modified":"2026-04-02T04:24:05","modified_gmt":"2026-04-02T02:24:05","slug":"gt571-porsche-911-rwb-son-goku-violet","status":"publish","type":"product","link":"https:\/\/modelkars.com\/fr\/shop\/gt-spirit\/gt571-porsche-911-rwb-son-goku-violet\/","title":{"rendered":"Porsche 911 RWB Son Goku"},"content":{"rendered":"","protected":false},"excerpt":{"rendered":"<p>Cette Porsche 911 RWB Son Goku \u00e0 l&rsquo;\u00e9chelle 1:18 est reproduite par GT Spirit en r\u00e9sine dans un coloris violet. RWB (Rauh-Welt Begriff) est l&rsquo;atelier japonais d&rsquo;Akira Nakai, connu pour ses kits de carrosserie \u00e9vas\u00e9s fa\u00e7onn\u00e9s et ajust\u00e9s \u00e0 la main sur base Porsche 911. Son Goku, figure centrale de Dragon Ball, pr\u00eate son nom \u00e0 cette cr\u00e9ation en 2024. Mod\u00e8le en s\u00e9rie limit\u00e9e, sur socle.<\/p>\n","protected":false},"featured_media":101270,"template":"","meta":{"_seopress_robots_primary_cat":"","_seopress_titles_title":"","_seopress_titles_desc":"","_seopress_robots_index":""},"product_brand":[],"product_cat":[71,163],"product_tag":[84,93,92,85,86],"class_list":{"0":"post-101200","1":"product","2":"type-product","3":"status-publish","4":"has-post-thumbnail","6":"product_cat-gt-spirit","7":"product_cat-precommandes","8":"product_tag-echelle-118","9":"product_tag-edition-limitee","10":"product_tag-resine","11":"product_tag-sans-ouvrants","12":"product_tag-socle-inclus","14":"first","15":"instock","16":"taxable","17":"shipping-taxable","18":"purchasable","19":"product-type-simple"},"_links":{"self":[{"href":"https:\/\/modelkars.com\/fr\/wp-json\/wp\/v2\/product\/101200","targetHints":{"allow":["GET"]}}],"collection":[{"href":"https:\/\/modelkars.com\/fr\/wp-json\/wp\/v2\/product"}],"about":[{"href":"https:\/\/modelkars.com\/fr\/wp-json\/wp\/v2\/types\/product"}],"wp:featuredmedia":[{"embeddable":true,"href":"https:\/\/modelkars.com\/fr\/wp-json\/wp\/v2\/media\/101270"}],"wp:attachment":[{"href":"https:\/\/modelkars.com\/fr\/wp-json\/wp\/v2\/media?parent=101200"}],"wp:term":[{"taxonomy":"product_brand","embeddable":true,"href":"https:\/\/modelkars.com\/fr\/wp-json\/wp\/v2\/product_brand?post=101200"},{"taxonomy":"product_cat","embeddable":true,"href":"https:\/\/modelkars.com\/fr\/wp-json\/wp\/v2\/product_cat?post=101200"},{"taxonomy":"product_tag","embeddable":true,"href":"https:\/\/modelkars.com\/fr\/wp-json\/wp\/v2\/product_tag?post=101200"}],"curies":[{"name":"wp","href":"https:\/\/api.w.org\/{rel}","templated":true}]}}