{"id":101198,"date":"2026-03-04T19:19:08","date_gmt":"2026-03-04T18:19:08","guid":{"rendered":"https:\/\/modelkars.com\/?post_type=product&#038;p=101198"},"modified":"2026-04-02T04:24:04","modified_gmt":"2026-04-02T02:24:04","slug":"gt976-bmw-m3-cs-vert-signal","status":"publish","type":"product","link":"https:\/\/modelkars.com\/fr\/shop\/gt-spirit\/gt976-bmw-m3-cs-vert-signal\/","title":{"rendered":"BMW M3 CS"},"content":{"rendered":"","protected":false},"excerpt":{"rendered":"<p>La BMW M3 CS 2023 \u00e0 l&rsquo;\u00e9chelle 1:18 est reproduite par GT Spirit en r\u00e9sine dans un coloris vert Signal. D\u00e9riv\u00e9e extr\u00eame de la G80, la M3 CS d\u00e9veloppe 543 chevaux et se distingue par ses \u00e9l\u00e9ments de carrosserie en CFRP et son ch\u00e2ssis sp\u00e9cifiquement recalibr\u00e9. Mod\u00e8le en s\u00e9rie limit\u00e9e, pos\u00e9 sur socle.<\/p>\n","protected":false},"featured_media":101217,"template":"","meta":{"_seopress_robots_primary_cat":"","_seopress_titles_title":"","_seopress_titles_desc":"","_seopress_robots_index":""},"product_brand":[],"product_cat":[71,163],"product_tag":[84,93,92,85,86],"class_list":{"0":"post-101198","1":"product","2":"type-product","3":"status-publish","4":"has-post-thumbnail","6":"product_cat-gt-spirit","7":"product_cat-precommandes","8":"product_tag-echelle-118","9":"product_tag-edition-limitee","10":"product_tag-resine","11":"product_tag-sans-ouvrants","12":"product_tag-socle-inclus","14":"first","15":"instock","16":"taxable","17":"shipping-taxable","18":"purchasable","19":"product-type-simple"},"_links":{"self":[{"href":"https:\/\/modelkars.com\/fr\/wp-json\/wp\/v2\/product\/101198","targetHints":{"allow":["GET"]}}],"collection":[{"href":"https:\/\/modelkars.com\/fr\/wp-json\/wp\/v2\/product"}],"about":[{"href":"https:\/\/modelkars.com\/fr\/wp-json\/wp\/v2\/types\/product"}],"wp:featuredmedia":[{"embeddable":true,"href":"https:\/\/modelkars.com\/fr\/wp-json\/wp\/v2\/media\/101217"}],"wp:attachment":[{"href":"https:\/\/modelkars.com\/fr\/wp-json\/wp\/v2\/media?parent=101198"}],"wp:term":[{"taxonomy":"product_brand","embeddable":true,"href":"https:\/\/modelkars.com\/fr\/wp-json\/wp\/v2\/product_brand?post=101198"},{"taxonomy":"product_cat","embeddable":true,"href":"https:\/\/modelkars.com\/fr\/wp-json\/wp\/v2\/product_cat?post=101198"},{"taxonomy":"product_tag","embeddable":true,"href":"https:\/\/modelkars.com\/fr\/wp-json\/wp\/v2\/product_tag?post=101198"}],"curies":[{"name":"wp","href":"https:\/\/api.w.org\/{rel}","templated":true}]}}