{"id":101196,"date":"2026-03-04T19:19:08","date_gmt":"2026-03-04T18:19:08","guid":{"rendered":"https:\/\/modelkars.com\/?post_type=product&#038;p=101196"},"modified":"2026-04-02T04:24:03","modified_gmt":"2026-04-02T02:24:03","slug":"gts802101-porsche-911-992-1-targa-4s-orange-pastel","status":"publish","type":"product","link":"https:\/\/modelkars.com\/fr\/shop\/gt-spirit\/gts802101-porsche-911-992-1-targa-4s-orange-pastel\/","title":{"rendered":"Porsche 911 (992.1) Targa 4S"},"content":{"rendered":"","protected":false},"excerpt":{"rendered":"<p>\u00c0 l&rsquo;\u00e9chelle 1:8, cette Porsche 911 Targa 4S (992.1) de 2021 est reproduite par GT Spirit en r\u00e9sine dans un coloris orange Pastel. La Targa reprend le bar en acier inoxydable poli qui a d\u00e9fini le concept depuis 1965, associ\u00e9 \u00e0 un toit r\u00e9tractable motoris\u00e9 et une vitre arri\u00e8re panoramique. Produit en s\u00e9rie limit\u00e9e, ce mod\u00e8le est livr\u00e9 avec son socle et sa vitrine de pr\u00e9sentation.<\/p>\n","protected":false},"featured_media":101238,"template":"","meta":{"_seopress_robots_primary_cat":"","_seopress_titles_title":"","_seopress_titles_desc":"","_seopress_robots_index":""},"product_brand":[],"product_cat":[71,163],"product_tag":[189,93,92,85,86,323],"class_list":{"0":"post-101196","1":"product","2":"type-product","3":"status-publish","4":"has-post-thumbnail","6":"product_cat-gt-spirit","7":"product_cat-precommandes","8":"product_tag-echelle-18","9":"product_tag-edition-limitee","10":"product_tag-resine","11":"product_tag-sans-ouvrants","12":"product_tag-socle-inclus","13":"product_tag-vitrine-incluse","15":"first","16":"outofstock","17":"taxable","18":"shipping-taxable","19":"purchasable","20":"product-type-simple"},"_links":{"self":[{"href":"https:\/\/modelkars.com\/fr\/wp-json\/wp\/v2\/product\/101196","targetHints":{"allow":["GET"]}}],"collection":[{"href":"https:\/\/modelkars.com\/fr\/wp-json\/wp\/v2\/product"}],"about":[{"href":"https:\/\/modelkars.com\/fr\/wp-json\/wp\/v2\/types\/product"}],"wp:featuredmedia":[{"embeddable":true,"href":"https:\/\/modelkars.com\/fr\/wp-json\/wp\/v2\/media\/101238"}],"wp:attachment":[{"href":"https:\/\/modelkars.com\/fr\/wp-json\/wp\/v2\/media?parent=101196"}],"wp:term":[{"taxonomy":"product_brand","embeddable":true,"href":"https:\/\/modelkars.com\/fr\/wp-json\/wp\/v2\/product_brand?post=101196"},{"taxonomy":"product_cat","embeddable":true,"href":"https:\/\/modelkars.com\/fr\/wp-json\/wp\/v2\/product_cat?post=101196"},{"taxonomy":"product_tag","embeddable":true,"href":"https:\/\/modelkars.com\/fr\/wp-json\/wp\/v2\/product_tag?post=101196"}],"curies":[{"name":"wp","href":"https:\/\/api.w.org\/{rel}","templated":true}]}}